{"id":21624,"date":"2025-12-02T09:05:44","date_gmt":"2025-12-02T09:05:44","guid":{"rendered":"https:\/\/domidea-ristrutturazioni.it\/frequently-asked-questions\/on-site-inspection-what-are-the-timeframes-and-procedures\/"},"modified":"2026-01-19T15:40:50","modified_gmt":"2026-01-19T15:40:50","slug":"on-site-inspection-what-are-the-timeframes-and-procedures","status":"publish","type":"page","link":"https:\/\/domidea-ristrutturazioni.it\/en\/frequently-asked-questions\/on-site-inspection-what-are-the-timeframes-and-procedures\/","title":{"rendered":"On-site Inspection: What are the Timeframes and Procedures?"},"content":{"rendered":"\t\t<div data-elementor-type=\"wp-page\" data-elementor-id=\"21624\" class=\"elementor elementor-21624 elementor-21533\" data-elementor-post-type=\"page\">\n\t\t\t\t<div class=\"elementor-element elementor-element-568f7f2 e-flex e-con-boxed e-con e-parent\" data-id=\"568f7f2\" data-element_type=\"container\" data-e-type=\"container\" data-settings=\"{&quot;background_background&quot;:&quot;classic&quot;}\">\n\t\t\t\t\t<div class=\"e-con-inner\">\n\t\t\t\t<div class=\"elementor-element elementor-element-2f93fca elementor-widget elementor-widget-heading\" data-id=\"2f93fca\" data-element_type=\"widget\" data-e-type=\"widget\" data-widget_type=\"heading.default\">\n\t\t\t\t\t<h1 class=\"elementor-heading-title elementor-size-default\">On-site Inspection: What are the Timeframes and Procedures?<\/h1>\t\t\t\t<\/div>\n\t\t\t\t<div class=\"elementor-element elementor-element-7006701 elementor-widget-divider--view-line elementor-widget elementor-widget-divider\" data-id=\"7006701\" data-element_type=\"widget\" data-e-type=\"widget\" data-widget_type=\"divider.default\">\n\t\t\t\t\t\t\t<div class=\"elementor-divider\">\n\t\t\t<span class=\"elementor-divider-separator\">\n\t\t\t\t\t\t<\/span>\n\t\t<\/div>\n\t\t\t\t\t\t<\/div>\n\t\t\t\t\t<\/div>\n\t\t\t\t<\/div>\n\t\t<div class=\"elementor-element elementor-element-e3bda05 e-flex e-con-boxed e-con e-parent\" data-id=\"e3bda05\" data-element_type=\"container\" data-e-type=\"container\">\n\t\t\t\t\t<div class=\"e-con-inner\">\n\t\t\t\t<div class=\"elementor-element elementor-element-7c21d70 elementor-align-left elementor-widget elementor-widget-breadcrumbs\" data-id=\"7c21d70\" data-element_type=\"widget\" data-e-type=\"widget\" data-widget_type=\"breadcrumbs.default\">\n\t\t\t\t\t<p id=\"breadcrumbs\"><span><span><a href=\"https:\/\/domidea-ristrutturazioni.it\/en\/unique-homes-like-you\/\">Home<\/a><\/span><\/span><\/p>\t\t\t\t<\/div>\n\t\t\t\t\t<\/div>\n\t\t\t\t<\/div>\n\t\t<div class=\"elementor-element elementor-element-5e96d56 e-flex e-con-boxed e-con e-parent\" data-id=\"5e96d56\" data-element_type=\"container\" data-e-type=\"container\">\n\t\t\t\t\t<div class=\"e-con-inner\">\n\t\t\t\t<div class=\"elementor-element elementor-element-3005693 elementor-widget elementor-widget-text-editor\" data-id=\"3005693\" data-element_type=\"widget\" data-e-type=\"widget\" data-widget_type=\"text-editor.default\">\n\t\t\t\t\t\t\t\t\t<p>When choosing to renovate a home or office with a <a href=\"https:\/\/domidea-ristrutturazioni.it\/ristrutturazioni-chiavi-in-mano\/\">turnkey solution<\/a>, <strong>the inspection is an essential phase<\/strong>. Thanks to the inspection, in fact, <strong>a detailed estimate of all the renovation work to be carried out<\/strong> can be made, in every phase. An expert technician will immediately identify all the necessary interventions, outlining the development of the work and the timelines of the project accurately from the outset, both for the building renovation project and for the <a href=\"https:\/\/domidea-ristrutturazioni.it\/en\/interior-design\/\">Interior Design project<\/a>.<\/p><h3><strong>What are the times and methods<\/strong><strong> for the inspection of an apartment renovation? <\/strong> <\/h3><p><strong>Contact us and we will call you back to schedule a free inspection of the property to be renovated within 48 hours of your request<\/strong>.<\/p><p>For us at Domidea, the site inspection is a fundamental appointment because it is the first major in-person meeting between the Client and the Architect. It is a valuable moment of discussion, in which <strong>the Client expresses their needs and desires.<\/strong> They tell us about a dream, which we will transform into reality. This establishes a deep relationship of trust that will last over time. The Client will always be able to count on the Architect at any moment, consulting with them at every stage of the project.    <strong>After the site inspection, it will then be possible to draw up a renovation estimate, always free of charge and without obligation. <\/strong>Subsequently, you will be presented with an executive project, in which the exact times and costs of the entire work will be guaranteed in detail. This way, there will be no surprises and you will be able to follow <\/p><h3><strong>What are the timeframes and procedures for the on-site inspection for office renovation?<\/strong><\/h3><p>The timing and methods of the inspection for the <a href=\"https:\/\/domidea-ristrutturazioni.it\/en\/turnkey-home-renovation\/\">office renovation<\/a> are exactly the same as those indicated above for the renovation of an apartment. Within 48 hours of your request, you will be contacted to schedule a meeting. Do not hesitate, call or write to us immediately for an appointment.<\/p>\t\t\t\t\t\t\t\t<\/div>\n\t\t\t\t\t<\/div>\n\t\t\t\t<\/div>\n\t\t<div class=\"elementor-element elementor-element-1033cb2 e-flex e-con-boxed e-con e-parent\" data-id=\"1033cb2\" data-element_type=\"container\" data-e-type=\"container\">\n\t\t\t\t\t<div class=\"e-con-inner\">\n\t\t\t\t<div class=\"elementor-element elementor-element-71e544c elementor-widget elementor-widget-html\" data-id=\"71e544c\" data-element_type=\"widget\" data-e-type=\"widget\" data-widget_type=\"html.default\">\n\t\t\t\t\t<script type=\"application\/ld+json\">{\n  \"@context\": \"https:\/\/schema.org\",\n  \"@type\": \"FAQPage\",\n  \"mainEntity\": [{\n    \"@type\": \"Question\",\n    \"name\": \"Sopralluogo: quali sono i tempi e le modalit\u00e0?\",\n    \"acceptedAnswer\": {\n      \"@type\": \"Answer\",\n      \"text\": \"Quando si sceglie di ristrutturare una casa o un ufficio con una soluzione chiavi in mano, il sopralluogo \u00e8 una fase essenziale. Grazie al sopralluogo, infatti, si pu\u00f2 fare una stima nel dettaglio di tutto quello che sar\u00e0 il lavoro di ristrutturazione da compiere, in ogni sua fase. Un tecnico esperto identificher\u00e0 immediatamente tutti gli interventi necessari, delineando sin da subito in modo esatto lo sviluppo dei lavori e le tempistiche dell\u2019opera, sia per quanto riguarda il progetto di ristrutturazione edilizia, che per quello che concerne il progetto di Interior Design.\"\n    }\n  },{\n    \"@type\": \"Question\",\n    \"name\": \"Quali sono i tempi e le modalit\u00e0 del sopralluogo per la ristrutturazione di un appartamento?\",\n    \"acceptedAnswer\": {\n      \"@type\": \"Answer\",\n      \"text\": \"Il sopralluogo per noi di Domidea \u00e8 un appuntamento fondamentale perch\u00e9 \u00e8 la prima grande occasione d\u2019incontro di persona tra il Cliente e l\u2019Architetto. \u00c8 un momento di confronto prezioso, in cui il Cliente esprime le sue esigenze e i suoi desideri. Ci racconta un sogno, che trasformeremo in realt\u00e0. Si instaura cos\u00ec un profondo rapporto di fiducia, che durer\u00e0 nel tempo. Il Cliente potr\u00e0 sempre contare con l\u2019Architetto in ogni momento, confrontandosi con lui in ogni fase dell\u2019opera. Dopo il sopralluogo, sar\u00e0 poi possibile stilare un preventivo della ristrutturazione, sempre gratuitamente e senza impegno. In seguito, ti verr\u00e0 presentato un progetto esecutivo, in cui saranno garantiti nel dettaglio i tempi e i costi certi di tutta l\u2019opera. In questo modo non ci saranno sorprese e potrai seguire.\"\n    }\n  },{\n    \"@type\": \"Question\",\n    \"name\": \"Quali sono i tempi e le modalit\u00e0 del sopralluogo per la ristrutturazione di un ufficio?\",\n    \"acceptedAnswer\": {\n      \"@type\": \"Answer\",\n      \"text\": \"I tempi e le modalit\u00e0 del sopralluogo per la ristrutturazione di un ufficio sono esattamente le stesse della ristrutturazione di un appartamento, sopra indicate. Entro 48 ore dalla tua richiesta verrai contattato per fissare un incontro.\"\n    }\n  }]\n}\n<\/script>\t\t\t\t<\/div>\n\t\t\t\t\t<\/div>\n\t\t\t\t<\/div>\n\t\t\t\t<\/div>\n\t\t","protected":false},"excerpt":{"rendered":"<p>On-site Inspection: What are the Timeframes and Procedures? When choosing to renovate a home or office with a turnkey solution, the inspection is an essential phase. Thanks to the inspection, in fact, a detailed estimate of all the renovation work to be carried out can be made, in every phase. An expert technician will immediately [&hellip;]<\/p>\n","protected":false},"author":6,"featured_media":0,"parent":21379,"menu_order":0,"comment_status":"closed","ping_status":"closed","template":"","meta":{"_acf_changed":false,"_eb_attr":"","ngg_post_thumbnail":0,"footnotes":""},"class_list":["post-21624","page","type-page","status-publish","hentry"],"acf":[],"yoast_head":"<!-- This site is optimized with the Yoast SEO Premium plugin v27.4 (Yoast SEO v27.4) - https:\/\/yoast.com\/product\/yoast-seo-premium-wordpress\/ -->\n<title>Inspection times and methods for property renovation | Domidea<\/title>\n<meta name=\"description\" content=\"Renovation? Schedule a property inspection for renovation within 48 hours of your request, free of charge and without obligation.\" \/>\n<meta name=\"robots\" content=\"index, follow, max-snippet:-1, max-image-preview:large, max-video-preview:-1\" \/>\n<link rel=\"canonical\" href=\"https:\/\/domidea-ristrutturazioni.it\/en\/frequently-asked-questions\/on-site-inspection-what-are-the-timeframes-and-procedures\/\" \/>\n<meta property=\"og:locale\" content=\"en_US\" \/>\n<meta property=\"og:type\" content=\"article\" \/>\n<meta property=\"og:title\" content=\"On-site Inspection: What are the Timeframes and Procedures?\" \/>\n<meta property=\"og:description\" content=\"Renovation? Schedule a property inspection for renovation within 48 hours of your request, free of charge and without obligation.\" \/>\n<meta property=\"og:url\" content=\"https:\/\/domidea-ristrutturazioni.it\/en\/frequently-asked-questions\/on-site-inspection-what-are-the-timeframes-and-procedures\/\" \/>\n<meta property=\"og:site_name\" content=\"Domidea Ristrutturazioni\" \/>\n<meta property=\"article:publisher\" content=\"https:\/\/www.facebook.com\/domidea.it\" \/>\n<meta property=\"article:modified_time\" content=\"2026-01-19T15:40:50+00:00\" \/>\n<meta property=\"og:image\" content=\"https:\/\/domidea-ristrutturazioni.it\/wp-content\/uploads\/2025\/10\/immagine-SEO-Sito.png\" \/>\n\t<meta property=\"og:image:width\" content=\"1200\" \/>\n\t<meta property=\"og:image:height\" content=\"675\" \/>\n\t<meta property=\"og:image:type\" content=\"image\/png\" \/>\n<meta name=\"twitter:card\" content=\"summary_large_image\" \/>\n<meta name=\"twitter:label1\" content=\"Est. reading time\" \/>\n\t<meta name=\"twitter:data1\" content=\"2 minutes\" \/>\n<script type=\"application\/ld+json\" class=\"yoast-schema-graph\">{\"@context\":\"https:\\\/\\\/schema.org\",\"@graph\":[{\"@type\":\"WebPage\",\"@id\":\"https:\\\/\\\/domidea-ristrutturazioni.it\\\/en\\\/frequently-asked-questions\\\/on-site-inspection-what-are-the-timeframes-and-procedures\\\/\",\"url\":\"https:\\\/\\\/domidea-ristrutturazioni.it\\\/en\\\/frequently-asked-questions\\\/on-site-inspection-what-are-the-timeframes-and-procedures\\\/\",\"name\":\"Inspection times and methods for property renovation | Domidea\",\"isPartOf\":{\"@id\":\"https:\\\/\\\/domidea-ristrutturazioni.it\\\/en\\\/#website\"},\"datePublished\":\"2025-12-02T09:05:44+00:00\",\"dateModified\":\"2026-01-19T15:40:50+00:00\",\"description\":\"Renovation? Schedule a property inspection for renovation within 48 hours of your request, free of charge and without obligation.\",\"breadcrumb\":{\"@id\":\"https:\\\/\\\/domidea-ristrutturazioni.it\\\/en\\\/frequently-asked-questions\\\/on-site-inspection-what-are-the-timeframes-and-procedures\\\/#breadcrumb\"},\"inLanguage\":\"en-US\",\"potentialAction\":[{\"@type\":\"ReadAction\",\"target\":[\"https:\\\/\\\/domidea-ristrutturazioni.it\\\/en\\\/frequently-asked-questions\\\/on-site-inspection-what-are-the-timeframes-and-procedures\\\/\"]}]},{\"@type\":\"BreadcrumbList\",\"@id\":\"https:\\\/\\\/domidea-ristrutturazioni.it\\\/en\\\/frequently-asked-questions\\\/on-site-inspection-what-are-the-timeframes-and-procedures\\\/#breadcrumb\",\"itemListElement\":[{\"@type\":\"ListItem\",\"position\":1,\"name\":\"Home\",\"item\":\"https:\\\/\\\/domidea-ristrutturazioni.it\\\/en\\\/unique-homes-like-you\\\/\"},{\"@type\":\"ListItem\",\"position\":2,\"name\":\"Frequently Asked Questions\",\"item\":\"https:\\\/\\\/domidea-ristrutturazioni.it\\\/en\\\/frequently-asked-questions\\\/\"},{\"@type\":\"ListItem\",\"position\":3,\"name\":\"On-site Inspection: What are the Timeframes and Procedures?\"}]},{\"@type\":\"WebSite\",\"@id\":\"https:\\\/\\\/domidea-ristrutturazioni.it\\\/en\\\/#website\",\"url\":\"https:\\\/\\\/domidea-ristrutturazioni.it\\\/en\\\/\",\"name\":\"Domidea Ristrutturazioni & Interior Design\",\"description\":\"Progettiamo e Realizziamo Case Uniche...Come Te!\",\"publisher\":{\"@id\":\"https:\\\/\\\/domidea-ristrutturazioni.it\\\/en\\\/#organization\"},\"alternateName\":\"Domidea Ristrutturazioni\",\"potentialAction\":[{\"@type\":\"SearchAction\",\"target\":{\"@type\":\"EntryPoint\",\"urlTemplate\":\"https:\\\/\\\/domidea-ristrutturazioni.it\\\/en\\\/?s={search_term_string}\"},\"query-input\":{\"@type\":\"PropertyValueSpecification\",\"valueRequired\":true,\"valueName\":\"search_term_string\"}}],\"inLanguage\":\"en-US\"},{\"@type\":[\"Organization\",\"Place\"],\"@id\":\"https:\\\/\\\/domidea-ristrutturazioni.it\\\/en\\\/#organization\",\"name\":\"Domidea Ristrutturazioni & Interior Design\",\"url\":\"https:\\\/\\\/domidea-ristrutturazioni.it\\\/en\\\/\",\"logo\":{\"@id\":\"https:\\\/\\\/domidea-ristrutturazioni.it\\\/en\\\/frequently-asked-questions\\\/on-site-inspection-what-are-the-timeframes-and-procedures\\\/#local-main-organization-logo\"},\"image\":{\"@id\":\"https:\\\/\\\/domidea-ristrutturazioni.it\\\/en\\\/frequently-asked-questions\\\/on-site-inspection-what-are-the-timeframes-and-procedures\\\/#local-main-organization-logo\"},\"sameAs\":[\"https:\\\/\\\/www.facebook.com\\\/domidea.it\",\"https:\\\/\\\/www.instagram.com\\\/domidea.it\\\/\",\"https:\\\/\\\/www.linkedin.com\\\/company\\\/domidea-it\"],\"telephone\":[],\"openingHoursSpecification\":[{\"@type\":\"OpeningHoursSpecification\",\"dayOfWeek\":[\"Monday\",\"Tuesday\",\"Wednesday\",\"Thursday\",\"Friday\",\"Saturday\",\"Sunday\"],\"opens\":\"09:00\",\"closes\":\"17:00\"}]},{\"@type\":\"ImageObject\",\"inLanguage\":\"en-US\",\"@id\":\"https:\\\/\\\/domidea-ristrutturazioni.it\\\/en\\\/frequently-asked-questions\\\/on-site-inspection-what-are-the-timeframes-and-procedures\\\/#local-main-organization-logo\",\"url\":\"https:\\\/\\\/domidea-ristrutturazioni.it\\\/wp-content\\\/uploads\\\/2025\\\/09\\\/white_logo_black_background_1024-300x180-1.png\",\"contentUrl\":\"https:\\\/\\\/domidea-ristrutturazioni.it\\\/wp-content\\\/uploads\\\/2025\\\/09\\\/white_logo_black_background_1024-300x180-1.png\",\"width\":300,\"height\":180,\"caption\":\"Domidea Ristrutturazioni & Interior Design\"}]}<\/script>\n<!-- \/ Yoast SEO Premium plugin. -->","yoast_head_json":{"title":"Inspection times and methods for property renovation | Domidea","description":"Renovation? Schedule a property inspection for renovation within 48 hours of your request, free of charge and without obligation.","robots":{"index":"index","follow":"follow","max-snippet":"max-snippet:-1","max-image-preview":"max-image-preview:large","max-video-preview":"max-video-preview:-1"},"canonical":"https:\/\/domidea-ristrutturazioni.it\/en\/frequently-asked-questions\/on-site-inspection-what-are-the-timeframes-and-procedures\/","og_locale":"en_US","og_type":"article","og_title":"On-site Inspection: What are the Timeframes and Procedures?","og_description":"Renovation? Schedule a property inspection for renovation within 48 hours of your request, free of charge and without obligation.","og_url":"https:\/\/domidea-ristrutturazioni.it\/en\/frequently-asked-questions\/on-site-inspection-what-are-the-timeframes-and-procedures\/","og_site_name":"Domidea Ristrutturazioni","article_publisher":"https:\/\/www.facebook.com\/domidea.it","article_modified_time":"2026-01-19T15:40:50+00:00","og_image":[{"width":1200,"height":675,"url":"https:\/\/domidea-ristrutturazioni.it\/wp-content\/uploads\/2025\/10\/immagine-SEO-Sito.png","type":"image\/png"}],"twitter_card":"summary_large_image","twitter_misc":{"Est. reading time":"2 minutes"},"schema":{"@context":"https:\/\/schema.org","@graph":[{"@type":"WebPage","@id":"https:\/\/domidea-ristrutturazioni.it\/en\/frequently-asked-questions\/on-site-inspection-what-are-the-timeframes-and-procedures\/","url":"https:\/\/domidea-ristrutturazioni.it\/en\/frequently-asked-questions\/on-site-inspection-what-are-the-timeframes-and-procedures\/","name":"Inspection times and methods for property renovation | Domidea","isPartOf":{"@id":"https:\/\/domidea-ristrutturazioni.it\/en\/#website"},"datePublished":"2025-12-02T09:05:44+00:00","dateModified":"2026-01-19T15:40:50+00:00","description":"Renovation? Schedule a property inspection for renovation within 48 hours of your request, free of charge and without obligation.","breadcrumb":{"@id":"https:\/\/domidea-ristrutturazioni.it\/en\/frequently-asked-questions\/on-site-inspection-what-are-the-timeframes-and-procedures\/#breadcrumb"},"inLanguage":"en-US","potentialAction":[{"@type":"ReadAction","target":["https:\/\/domidea-ristrutturazioni.it\/en\/frequently-asked-questions\/on-site-inspection-what-are-the-timeframes-and-procedures\/"]}]},{"@type":"BreadcrumbList","@id":"https:\/\/domidea-ristrutturazioni.it\/en\/frequently-asked-questions\/on-site-inspection-what-are-the-timeframes-and-procedures\/#breadcrumb","itemListElement":[{"@type":"ListItem","position":1,"name":"Home","item":"https:\/\/domidea-ristrutturazioni.it\/en\/unique-homes-like-you\/"},{"@type":"ListItem","position":2,"name":"Frequently Asked Questions","item":"https:\/\/domidea-ristrutturazioni.it\/en\/frequently-asked-questions\/"},{"@type":"ListItem","position":3,"name":"On-site Inspection: What are the Timeframes and Procedures?"}]},{"@type":"WebSite","@id":"https:\/\/domidea-ristrutturazioni.it\/en\/#website","url":"https:\/\/domidea-ristrutturazioni.it\/en\/","name":"Domidea Ristrutturazioni & Interior Design","description":"Progettiamo e Realizziamo Case Uniche...Come Te!","publisher":{"@id":"https:\/\/domidea-ristrutturazioni.it\/en\/#organization"},"alternateName":"Domidea Ristrutturazioni","potentialAction":[{"@type":"SearchAction","target":{"@type":"EntryPoint","urlTemplate":"https:\/\/domidea-ristrutturazioni.it\/en\/?s={search_term_string}"},"query-input":{"@type":"PropertyValueSpecification","valueRequired":true,"valueName":"search_term_string"}}],"inLanguage":"en-US"},{"@type":["Organization","Place"],"@id":"https:\/\/domidea-ristrutturazioni.it\/en\/#organization","name":"Domidea Ristrutturazioni & Interior Design","url":"https:\/\/domidea-ristrutturazioni.it\/en\/","logo":{"@id":"https:\/\/domidea-ristrutturazioni.it\/en\/frequently-asked-questions\/on-site-inspection-what-are-the-timeframes-and-procedures\/#local-main-organization-logo"},"image":{"@id":"https:\/\/domidea-ristrutturazioni.it\/en\/frequently-asked-questions\/on-site-inspection-what-are-the-timeframes-and-procedures\/#local-main-organization-logo"},"sameAs":["https:\/\/www.facebook.com\/domidea.it","https:\/\/www.instagram.com\/domidea.it\/","https:\/\/www.linkedin.com\/company\/domidea-it"],"telephone":[],"openingHoursSpecification":[{"@type":"OpeningHoursSpecification","dayOfWeek":["Monday","Tuesday","Wednesday","Thursday","Friday","Saturday","Sunday"],"opens":"09:00","closes":"17:00"}]},{"@type":"ImageObject","inLanguage":"en-US","@id":"https:\/\/domidea-ristrutturazioni.it\/en\/frequently-asked-questions\/on-site-inspection-what-are-the-timeframes-and-procedures\/#local-main-organization-logo","url":"https:\/\/domidea-ristrutturazioni.it\/wp-content\/uploads\/2025\/09\/white_logo_black_background_1024-300x180-1.png","contentUrl":"https:\/\/domidea-ristrutturazioni.it\/wp-content\/uploads\/2025\/09\/white_logo_black_background_1024-300x180-1.png","width":300,"height":180,"caption":"Domidea Ristrutturazioni & Interior Design"}]}},"_links":{"self":[{"href":"https:\/\/domidea-ristrutturazioni.it\/en\/wp-json\/wp\/v2\/pages\/21624","targetHints":{"allow":["GET"]}}],"collection":[{"href":"https:\/\/domidea-ristrutturazioni.it\/en\/wp-json\/wp\/v2\/pages"}],"about":[{"href":"https:\/\/domidea-ristrutturazioni.it\/en\/wp-json\/wp\/v2\/types\/page"}],"author":[{"embeddable":true,"href":"https:\/\/domidea-ristrutturazioni.it\/en\/wp-json\/wp\/v2\/users\/6"}],"replies":[{"embeddable":true,"href":"https:\/\/domidea-ristrutturazioni.it\/en\/wp-json\/wp\/v2\/comments?post=21624"}],"version-history":[{"count":2,"href":"https:\/\/domidea-ristrutturazioni.it\/en\/wp-json\/wp\/v2\/pages\/21624\/revisions"}],"predecessor-version":[{"id":22081,"href":"https:\/\/domidea-ristrutturazioni.it\/en\/wp-json\/wp\/v2\/pages\/21624\/revisions\/22081"}],"up":[{"embeddable":true,"href":"https:\/\/domidea-ristrutturazioni.it\/en\/wp-json\/wp\/v2\/pages\/21379"}],"wp:attachment":[{"href":"https:\/\/domidea-ristrutturazioni.it\/en\/wp-json\/wp\/v2\/media?parent=21624"}],"curies":[{"name":"wp","href":"https:\/\/api.w.org\/{rel}","templated":true}]}}