{"id":21608,"date":"2025-12-02T09:04:53","date_gmt":"2025-12-02T09:04:53","guid":{"rendered":"https:\/\/domidea-ristrutturazioni.it\/frequently-asked-questions\/what-are-the-timeframes-for-renovation\/"},"modified":"2026-01-19T15:40:55","modified_gmt":"2026-01-19T15:40:55","slug":"what-are-the-timeframes-for-renovation","status":"publish","type":"page","link":"https:\/\/domidea-ristrutturazioni.it\/en\/frequently-asked-questions\/what-are-the-timeframes-for-renovation\/","title":{"rendered":"What are the Timeframes for Renovation?"},"content":{"rendered":"\t\t<div data-elementor-type=\"wp-page\" data-elementor-id=\"21608\" class=\"elementor elementor-21608 elementor-21494\" data-elementor-post-type=\"page\">\n\t\t\t\t<div class=\"elementor-element elementor-element-568f7f2 e-flex e-con-boxed e-con e-parent\" data-id=\"568f7f2\" data-element_type=\"container\" data-e-type=\"container\" data-settings=\"{&quot;background_background&quot;:&quot;classic&quot;}\">\n\t\t\t\t\t<div class=\"e-con-inner\">\n\t\t\t\t<div class=\"elementor-element elementor-element-2f93fca elementor-widget elementor-widget-heading\" data-id=\"2f93fca\" data-element_type=\"widget\" data-e-type=\"widget\" data-widget_type=\"heading.default\">\n\t\t\t\t\t<h1 class=\"elementor-heading-title elementor-size-default\">What are the Timeframes for Renovation?<\/h1>\t\t\t\t<\/div>\n\t\t\t\t<div class=\"elementor-element elementor-element-7006701 elementor-widget-divider--view-line elementor-widget elementor-widget-divider\" data-id=\"7006701\" data-element_type=\"widget\" data-e-type=\"widget\" data-widget_type=\"divider.default\">\n\t\t\t\t\t\t\t<div class=\"elementor-divider\">\n\t\t\t<span class=\"elementor-divider-separator\">\n\t\t\t\t\t\t<\/span>\n\t\t<\/div>\n\t\t\t\t\t\t<\/div>\n\t\t\t\t\t<\/div>\n\t\t\t\t<\/div>\n\t\t<div class=\"elementor-element elementor-element-e3bda05 e-flex e-con-boxed e-con e-parent\" data-id=\"e3bda05\" data-element_type=\"container\" data-e-type=\"container\">\n\t\t\t\t\t<div class=\"e-con-inner\">\n\t\t\t\t<div class=\"elementor-element elementor-element-7c21d70 elementor-align-left elementor-widget elementor-widget-breadcrumbs\" data-id=\"7c21d70\" data-element_type=\"widget\" data-e-type=\"widget\" data-widget_type=\"breadcrumbs.default\">\n\t\t\t\t\t<p id=\"breadcrumbs\"><span><span><a href=\"https:\/\/domidea-ristrutturazioni.it\/en\/unique-homes-like-you\/\">Home<\/a><\/span><\/span><\/p>\t\t\t\t<\/div>\n\t\t\t\t\t<\/div>\n\t\t\t\t<\/div>\n\t\t<div class=\"elementor-element elementor-element-5e96d56 e-flex e-con-boxed e-con e-parent\" data-id=\"5e96d56\" data-element_type=\"container\" data-e-type=\"container\">\n\t\t\t\t\t<div class=\"e-con-inner\">\n\t\t\t\t<div class=\"elementor-element elementor-element-3005693 elementor-widget elementor-widget-text-editor\" data-id=\"3005693\" data-element_type=\"widget\" data-e-type=\"widget\" data-widget_type=\"text-editor.default\">\n\t\t\t\t\t\t\t\t\t<p><strong>When you want to <\/strong><a href=\"https:\/\/domidea-ristrutturazioni.it\/en\/turnkey-home-renovation\/\"><strong>renovate a house<\/strong><\/a><strong>, or <\/strong><a href=\"https:\/\/domidea-ristrutturazioni.it\/en\/office-renovation\/\"><strong>renovate an office<\/strong><\/a><strong>, it is necessary to make an accurate and reliable estimate of the timelines.<\/strong> How long does it take to renovate a kitchen? How long does it take to renovate an apartment? There is no single answer to these questions. Certainly, there are no universally valid renovation timelines. These timelines vary significantly from case to case, depending on the renovation project you intend to undertake, the condition of the property, and the specific needs of the Client. However, <strong>when it comes to construction and restyling work, adhering to the agreed timelines is essential<\/strong>. It is important to clearly and reliably agree on the renovation timelines from the outset.<\/p><p>Once a precise work schedule has been set, slippages during the work and delays can represent an immense inconvenience for the Client, often a real economic loss, as well as a great stress. This should not happen. For this reason, <strong>we at Domidea always guarantee maximum respect for the agreed timeframes.<\/strong> Thanks to a careful initial inspection, we estimate work times well in advance, offering the Client all the necessary services, including the opportunity for <a href=\"https:\/\/domidea-ristrutturazioni.it\/en\/frequently-asked-questions\/relocation-where-to-live-during-the-renovation\/\">a temporary <em>relocation<\/em><\/a>.  <\/p><p><strong>All phases of the renovation work will be planned in detail.<\/strong> The Architect will manage all phases of the site, coordinate the <a href=\"https:\/\/domidea-ristrutturazioni.it\/en\/the-projects\/\">home renovation companies<\/a> and suppliers, synchronize supplier orders by scheduling them and respecting the correct installation timelines. You will not have to worry about anything, you will only need to mark the day on your calendar when you will have the keys to your new home in hand!<\/p>\t\t\t\t\t\t\t\t<\/div>\n\t\t\t\t\t<\/div>\n\t\t\t\t<\/div>\n\t\t<div class=\"elementor-element elementor-element-ecc5c6f e-flex e-con-boxed e-con e-parent\" data-id=\"ecc5c6f\" data-element_type=\"container\" data-e-type=\"container\">\n\t\t\t\t\t<div class=\"e-con-inner\">\n\t\t\t\t<div class=\"elementor-element elementor-element-6b79989 elementor-widget elementor-widget-html\" data-id=\"6b79989\" data-element_type=\"widget\" data-e-type=\"widget\" data-widget_type=\"html.default\">\n\t\t\t\t\t<script type=\"application\/ld+json\">{\n  \"@context\": \"https:\/\/schema.org\",\n  \"@type\": \"FAQPage\",\n  \"mainEntity\": {\n    \"@type\": \"Question\",\n    \"name\": \"Quali sono le tempistiche della ristrutturazione?\",\n    \"acceptedAnswer\": {\n      \"@type\": \"Answer\",\n      \"text\": \"Quando si vuole ristrutturare una casa, o ristrutturare un ufficio, occorre fare una stima delle tempistiche esatta e attendibile. Quanto tempo occorre per ristrutturare una cucina? Quanto tempo per ristrutturare un appartamento? Una risposta univoca a queste domande non c\u2019\u00e8. Di certo, non esistono tempistiche di ristrutturazione universalmente valide. Queste tempistiche cambiano sensibilmente di caso in caso, a seconda del progetto di ristrutturazione che si ha intenzione di intraprendere, a seconda dello stato dell\u2019immobile e delle necessit\u00e0 pi\u00f9 specifiche del Cliente. Tuttavia, quando si parla di lavori edili e di restyling, il rispetto delle tempistiche concordate \u00e8 fondamentale. \u00c8 importante pattuire sin da subito i tempi della ristrutturazione in modo chiaro e affidabile.\n\nUna volta fissato un preciso calendario di lavoro, slittamenti in corso d\u2019opera e ritardi possono rappresentare un immenso disagio per il Cliente, spesso una vera e propria perdita economica, oltre che un grandissimo stress. La cosa non deve accadere. Per questo, noi di Domidea ti garantiamo sempre il massimo rispetto delle tempistiche pattuite. Grazie a un attento sopralluogo iniziale preventiviamo con largo anticipo i tempi di lavoro, offrendo al Cliente tutti i servizi del caso, inclusa l\u2019opportunit\u00e0 di una temporanea relocation.\n\nTutte le fasi del lavoro di ristrutturazione verranno programmate nel dettaglio. L\u2019Architetto si occuper\u00e0 di gestire tutte le fasi di cantiere, coordiner\u00e0 le ditte ristrutturazione casa e fornitori, sincronizzer\u00e0 gli ordini dei fornitori scadenzandoli e rispettando le giuste tempistiche di posa. Tu non dovrai preoccuparti di nulla, dovrai solo segnare sul calendario il giorno in cui avrai in mano le chiavi della tua nuova casa!\"\n    }\n  }\n}\n<\/script>\t\t\t\t<\/div>\n\t\t\t\t\t<\/div>\n\t\t\t\t<\/div>\n\t\t\t\t<\/div>\n\t\t","protected":false},"excerpt":{"rendered":"<p>What are the Timeframes for Renovation? When you want to renovate a house, or renovate an office, it is necessary to make an accurate and reliable estimate of the timelines. How long does it take to renovate a kitchen? How long does it take to renovate an apartment? There is no single answer to these [&hellip;]<\/p>\n","protected":false},"author":6,"featured_media":0,"parent":21379,"menu_order":0,"comment_status":"closed","ping_status":"closed","template":"","meta":{"_acf_changed":false,"_eb_attr":"","ngg_post_thumbnail":0,"footnotes":""},"class_list":["post-21608","page","type-page","status-publish","hentry"],"acf":[],"yoast_head":"<!-- This site is optimized with the Yoast SEO Premium plugin v27.4 (Yoast SEO v27.4) - https:\/\/yoast.com\/product\/yoast-seo-premium-wordpress\/ -->\n<title>How long does it take to renovate an apartment | Domidea<\/title>\n<meta name=\"description\" content=\"How long does it take to renovate an apartment? When it comes to construction work, respecting agreed-upon timelines is crucial.\" \/>\n<meta name=\"robots\" content=\"index, follow, max-snippet:-1, max-image-preview:large, max-video-preview:-1\" \/>\n<link rel=\"canonical\" href=\"https:\/\/domidea-ristrutturazioni.it\/en\/frequently-asked-questions\/what-are-the-timeframes-for-renovation\/\" \/>\n<meta property=\"og:locale\" content=\"en_US\" \/>\n<meta property=\"og:type\" content=\"article\" \/>\n<meta property=\"og:title\" content=\"What are the Timeframes for Renovation?\" \/>\n<meta property=\"og:description\" content=\"How long does it take to renovate an apartment? When it comes to construction work, respecting agreed-upon timelines is crucial.\" \/>\n<meta property=\"og:url\" content=\"https:\/\/domidea-ristrutturazioni.it\/en\/frequently-asked-questions\/what-are-the-timeframes-for-renovation\/\" \/>\n<meta property=\"og:site_name\" content=\"Domidea Ristrutturazioni\" \/>\n<meta property=\"article:publisher\" content=\"https:\/\/www.facebook.com\/domidea.it\" \/>\n<meta property=\"article:modified_time\" content=\"2026-01-19T15:40:55+00:00\" \/>\n<meta property=\"og:image\" content=\"https:\/\/domidea-ristrutturazioni.it\/wp-content\/uploads\/2025\/10\/immagine-SEO-Sito.png\" \/>\n\t<meta property=\"og:image:width\" content=\"1200\" \/>\n\t<meta property=\"og:image:height\" content=\"675\" \/>\n\t<meta property=\"og:image:type\" content=\"image\/png\" \/>\n<meta name=\"twitter:card\" content=\"summary_large_image\" \/>\n<meta name=\"twitter:label1\" content=\"Est. reading time\" \/>\n\t<meta name=\"twitter:data1\" content=\"1 minute\" \/>\n<script type=\"application\/ld+json\" class=\"yoast-schema-graph\">{\"@context\":\"https:\\\/\\\/schema.org\",\"@graph\":[{\"@type\":\"WebPage\",\"@id\":\"https:\\\/\\\/domidea-ristrutturazioni.it\\\/en\\\/frequently-asked-questions\\\/what-are-the-timeframes-for-renovation\\\/\",\"url\":\"https:\\\/\\\/domidea-ristrutturazioni.it\\\/en\\\/frequently-asked-questions\\\/what-are-the-timeframes-for-renovation\\\/\",\"name\":\"How long does it take to renovate an apartment | Domidea\",\"isPartOf\":{\"@id\":\"https:\\\/\\\/domidea-ristrutturazioni.it\\\/en\\\/#website\"},\"datePublished\":\"2025-12-02T09:04:53+00:00\",\"dateModified\":\"2026-01-19T15:40:55+00:00\",\"description\":\"How long does it take to renovate an apartment? When it comes to construction work, respecting agreed-upon timelines is crucial.\",\"breadcrumb\":{\"@id\":\"https:\\\/\\\/domidea-ristrutturazioni.it\\\/en\\\/frequently-asked-questions\\\/what-are-the-timeframes-for-renovation\\\/#breadcrumb\"},\"inLanguage\":\"en-US\",\"potentialAction\":[{\"@type\":\"ReadAction\",\"target\":[\"https:\\\/\\\/domidea-ristrutturazioni.it\\\/en\\\/frequently-asked-questions\\\/what-are-the-timeframes-for-renovation\\\/\"]}]},{\"@type\":\"BreadcrumbList\",\"@id\":\"https:\\\/\\\/domidea-ristrutturazioni.it\\\/en\\\/frequently-asked-questions\\\/what-are-the-timeframes-for-renovation\\\/#breadcrumb\",\"itemListElement\":[{\"@type\":\"ListItem\",\"position\":1,\"name\":\"Home\",\"item\":\"https:\\\/\\\/domidea-ristrutturazioni.it\\\/en\\\/unique-homes-like-you\\\/\"},{\"@type\":\"ListItem\",\"position\":2,\"name\":\"Frequently Asked Questions\",\"item\":\"https:\\\/\\\/domidea-ristrutturazioni.it\\\/en\\\/frequently-asked-questions\\\/\"},{\"@type\":\"ListItem\",\"position\":3,\"name\":\"What are the Timeframes for Renovation?\"}]},{\"@type\":\"WebSite\",\"@id\":\"https:\\\/\\\/domidea-ristrutturazioni.it\\\/en\\\/#website\",\"url\":\"https:\\\/\\\/domidea-ristrutturazioni.it\\\/en\\\/\",\"name\":\"Domidea Ristrutturazioni & Interior Design\",\"description\":\"Progettiamo e Realizziamo Case Uniche...Come Te!\",\"publisher\":{\"@id\":\"https:\\\/\\\/domidea-ristrutturazioni.it\\\/en\\\/#organization\"},\"alternateName\":\"Domidea Ristrutturazioni\",\"potentialAction\":[{\"@type\":\"SearchAction\",\"target\":{\"@type\":\"EntryPoint\",\"urlTemplate\":\"https:\\\/\\\/domidea-ristrutturazioni.it\\\/en\\\/?s={search_term_string}\"},\"query-input\":{\"@type\":\"PropertyValueSpecification\",\"valueRequired\":true,\"valueName\":\"search_term_string\"}}],\"inLanguage\":\"en-US\"},{\"@type\":[\"Organization\",\"Place\"],\"@id\":\"https:\\\/\\\/domidea-ristrutturazioni.it\\\/en\\\/#organization\",\"name\":\"Domidea Ristrutturazioni & Interior Design\",\"url\":\"https:\\\/\\\/domidea-ristrutturazioni.it\\\/en\\\/\",\"logo\":{\"@id\":\"https:\\\/\\\/domidea-ristrutturazioni.it\\\/en\\\/frequently-asked-questions\\\/what-are-the-timeframes-for-renovation\\\/#local-main-organization-logo\"},\"image\":{\"@id\":\"https:\\\/\\\/domidea-ristrutturazioni.it\\\/en\\\/frequently-asked-questions\\\/what-are-the-timeframes-for-renovation\\\/#local-main-organization-logo\"},\"sameAs\":[\"https:\\\/\\\/www.facebook.com\\\/domidea.it\",\"https:\\\/\\\/www.instagram.com\\\/domidea.it\\\/\",\"https:\\\/\\\/www.linkedin.com\\\/company\\\/domidea-it\"],\"telephone\":[],\"openingHoursSpecification\":[{\"@type\":\"OpeningHoursSpecification\",\"dayOfWeek\":[\"Monday\",\"Tuesday\",\"Wednesday\",\"Thursday\",\"Friday\",\"Saturday\",\"Sunday\"],\"opens\":\"09:00\",\"closes\":\"17:00\"}]},{\"@type\":\"ImageObject\",\"inLanguage\":\"en-US\",\"@id\":\"https:\\\/\\\/domidea-ristrutturazioni.it\\\/en\\\/frequently-asked-questions\\\/what-are-the-timeframes-for-renovation\\\/#local-main-organization-logo\",\"url\":\"https:\\\/\\\/domidea-ristrutturazioni.it\\\/wp-content\\\/uploads\\\/2025\\\/09\\\/white_logo_black_background_1024-300x180-1.png\",\"contentUrl\":\"https:\\\/\\\/domidea-ristrutturazioni.it\\\/wp-content\\\/uploads\\\/2025\\\/09\\\/white_logo_black_background_1024-300x180-1.png\",\"width\":300,\"height\":180,\"caption\":\"Domidea Ristrutturazioni & Interior Design\"}]}<\/script>\n<!-- \/ Yoast SEO Premium plugin. -->","yoast_head_json":{"title":"How long does it take to renovate an apartment | Domidea","description":"How long does it take to renovate an apartment? When it comes to construction work, respecting agreed-upon timelines is crucial.","robots":{"index":"index","follow":"follow","max-snippet":"max-snippet:-1","max-image-preview":"max-image-preview:large","max-video-preview":"max-video-preview:-1"},"canonical":"https:\/\/domidea-ristrutturazioni.it\/en\/frequently-asked-questions\/what-are-the-timeframes-for-renovation\/","og_locale":"en_US","og_type":"article","og_title":"What are the Timeframes for Renovation?","og_description":"How long does it take to renovate an apartment? When it comes to construction work, respecting agreed-upon timelines is crucial.","og_url":"https:\/\/domidea-ristrutturazioni.it\/en\/frequently-asked-questions\/what-are-the-timeframes-for-renovation\/","og_site_name":"Domidea Ristrutturazioni","article_publisher":"https:\/\/www.facebook.com\/domidea.it","article_modified_time":"2026-01-19T15:40:55+00:00","og_image":[{"width":1200,"height":675,"url":"https:\/\/domidea-ristrutturazioni.it\/wp-content\/uploads\/2025\/10\/immagine-SEO-Sito.png","type":"image\/png"}],"twitter_card":"summary_large_image","twitter_misc":{"Est. reading time":"1 minute"},"schema":{"@context":"https:\/\/schema.org","@graph":[{"@type":"WebPage","@id":"https:\/\/domidea-ristrutturazioni.it\/en\/frequently-asked-questions\/what-are-the-timeframes-for-renovation\/","url":"https:\/\/domidea-ristrutturazioni.it\/en\/frequently-asked-questions\/what-are-the-timeframes-for-renovation\/","name":"How long does it take to renovate an apartment | Domidea","isPartOf":{"@id":"https:\/\/domidea-ristrutturazioni.it\/en\/#website"},"datePublished":"2025-12-02T09:04:53+00:00","dateModified":"2026-01-19T15:40:55+00:00","description":"How long does it take to renovate an apartment? When it comes to construction work, respecting agreed-upon timelines is crucial.","breadcrumb":{"@id":"https:\/\/domidea-ristrutturazioni.it\/en\/frequently-asked-questions\/what-are-the-timeframes-for-renovation\/#breadcrumb"},"inLanguage":"en-US","potentialAction":[{"@type":"ReadAction","target":["https:\/\/domidea-ristrutturazioni.it\/en\/frequently-asked-questions\/what-are-the-timeframes-for-renovation\/"]}]},{"@type":"BreadcrumbList","@id":"https:\/\/domidea-ristrutturazioni.it\/en\/frequently-asked-questions\/what-are-the-timeframes-for-renovation\/#breadcrumb","itemListElement":[{"@type":"ListItem","position":1,"name":"Home","item":"https:\/\/domidea-ristrutturazioni.it\/en\/unique-homes-like-you\/"},{"@type":"ListItem","position":2,"name":"Frequently Asked Questions","item":"https:\/\/domidea-ristrutturazioni.it\/en\/frequently-asked-questions\/"},{"@type":"ListItem","position":3,"name":"What are the Timeframes for Renovation?"}]},{"@type":"WebSite","@id":"https:\/\/domidea-ristrutturazioni.it\/en\/#website","url":"https:\/\/domidea-ristrutturazioni.it\/en\/","name":"Domidea Ristrutturazioni & Interior Design","description":"Progettiamo e Realizziamo Case Uniche...Come Te!","publisher":{"@id":"https:\/\/domidea-ristrutturazioni.it\/en\/#organization"},"alternateName":"Domidea Ristrutturazioni","potentialAction":[{"@type":"SearchAction","target":{"@type":"EntryPoint","urlTemplate":"https:\/\/domidea-ristrutturazioni.it\/en\/?s={search_term_string}"},"query-input":{"@type":"PropertyValueSpecification","valueRequired":true,"valueName":"search_term_string"}}],"inLanguage":"en-US"},{"@type":["Organization","Place"],"@id":"https:\/\/domidea-ristrutturazioni.it\/en\/#organization","name":"Domidea Ristrutturazioni & Interior Design","url":"https:\/\/domidea-ristrutturazioni.it\/en\/","logo":{"@id":"https:\/\/domidea-ristrutturazioni.it\/en\/frequently-asked-questions\/what-are-the-timeframes-for-renovation\/#local-main-organization-logo"},"image":{"@id":"https:\/\/domidea-ristrutturazioni.it\/en\/frequently-asked-questions\/what-are-the-timeframes-for-renovation\/#local-main-organization-logo"},"sameAs":["https:\/\/www.facebook.com\/domidea.it","https:\/\/www.instagram.com\/domidea.it\/","https:\/\/www.linkedin.com\/company\/domidea-it"],"telephone":[],"openingHoursSpecification":[{"@type":"OpeningHoursSpecification","dayOfWeek":["Monday","Tuesday","Wednesday","Thursday","Friday","Saturday","Sunday"],"opens":"09:00","closes":"17:00"}]},{"@type":"ImageObject","inLanguage":"en-US","@id":"https:\/\/domidea-ristrutturazioni.it\/en\/frequently-asked-questions\/what-are-the-timeframes-for-renovation\/#local-main-organization-logo","url":"https:\/\/domidea-ristrutturazioni.it\/wp-content\/uploads\/2025\/09\/white_logo_black_background_1024-300x180-1.png","contentUrl":"https:\/\/domidea-ristrutturazioni.it\/wp-content\/uploads\/2025\/09\/white_logo_black_background_1024-300x180-1.png","width":300,"height":180,"caption":"Domidea Ristrutturazioni & Interior Design"}]}},"_links":{"self":[{"href":"https:\/\/domidea-ristrutturazioni.it\/en\/wp-json\/wp\/v2\/pages\/21608","targetHints":{"allow":["GET"]}}],"collection":[{"href":"https:\/\/domidea-ristrutturazioni.it\/en\/wp-json\/wp\/v2\/pages"}],"about":[{"href":"https:\/\/domidea-ristrutturazioni.it\/en\/wp-json\/wp\/v2\/types\/page"}],"author":[{"embeddable":true,"href":"https:\/\/domidea-ristrutturazioni.it\/en\/wp-json\/wp\/v2\/users\/6"}],"replies":[{"embeddable":true,"href":"https:\/\/domidea-ristrutturazioni.it\/en\/wp-json\/wp\/v2\/comments?post=21608"}],"version-history":[{"count":3,"href":"https:\/\/domidea-ristrutturazioni.it\/en\/wp-json\/wp\/v2\/pages\/21608\/revisions"}],"predecessor-version":[{"id":22091,"href":"https:\/\/domidea-ristrutturazioni.it\/en\/wp-json\/wp\/v2\/pages\/21608\/revisions\/22091"}],"up":[{"embeddable":true,"href":"https:\/\/domidea-ristrutturazioni.it\/en\/wp-json\/wp\/v2\/pages\/21379"}],"wp:attachment":[{"href":"https:\/\/domidea-ristrutturazioni.it\/en\/wp-json\/wp\/v2\/media?parent=21608"}],"curies":[{"name":"wp","href":"https:\/\/api.w.org\/{rel}","templated":true}]}}