{"id":21579,"date":"2025-12-02T09:02:47","date_gmt":"2025-12-02T09:02:47","guid":{"rendered":"https:\/\/domidea-ristrutturazioni.it\/frequently-asked-questions\/i-need-to-renovate-my-house-how-do-i-evaluate-a-quote\/"},"modified":"2026-02-19T11:58:34","modified_gmt":"2026-02-19T11:58:34","slug":"i-need-to-renovate-my-house-how-do-i-evaluate-a-quote","status":"publish","type":"page","link":"https:\/\/domidea-ristrutturazioni.it\/en\/frequently-asked-questions\/i-need-to-renovate-my-house-how-do-i-evaluate-a-quote\/","title":{"rendered":"I Need to Renovate My House, how Do I Evaluate a Quote?"},"content":{"rendered":"\t\t<div data-elementor-type=\"wp-page\" data-elementor-id=\"21579\" class=\"elementor elementor-21579 elementor-21453\" data-elementor-post-type=\"page\">\n\t\t\t\t<div class=\"elementor-element elementor-element-568f7f2 e-flex e-con-boxed e-con e-parent\" data-id=\"568f7f2\" data-element_type=\"container\" data-e-type=\"container\" data-settings=\"{&quot;background_background&quot;:&quot;classic&quot;}\">\n\t\t\t\t\t<div class=\"e-con-inner\">\n\t\t\t\t<div class=\"elementor-element elementor-element-2f93fca elementor-widget elementor-widget-heading\" data-id=\"2f93fca\" data-element_type=\"widget\" data-e-type=\"widget\" data-widget_type=\"heading.default\">\n\t\t\t\t\t<h1 class=\"elementor-heading-title elementor-size-default\">I Need to Renovate My House, how Do I Evaluate a Quote?<\/h1>\t\t\t\t<\/div>\n\t\t\t\t<div class=\"elementor-element elementor-element-7006701 elementor-widget-divider--view-line elementor-widget elementor-widget-divider\" data-id=\"7006701\" data-element_type=\"widget\" data-e-type=\"widget\" data-widget_type=\"divider.default\">\n\t\t\t\t\t\t\t<div class=\"elementor-divider\">\n\t\t\t<span class=\"elementor-divider-separator\">\n\t\t\t\t\t\t<\/span>\n\t\t<\/div>\n\t\t\t\t\t\t<\/div>\n\t\t\t\t\t<\/div>\n\t\t\t\t<\/div>\n\t\t<div class=\"elementor-element elementor-element-e3bda05 e-flex e-con-boxed e-con e-parent\" data-id=\"e3bda05\" data-element_type=\"container\" data-e-type=\"container\">\n\t\t\t\t\t<div class=\"e-con-inner\">\n\t\t\t\t<div class=\"elementor-element elementor-element-7c21d70 elementor-align-left elementor-widget elementor-widget-breadcrumbs\" data-id=\"7c21d70\" data-element_type=\"widget\" data-e-type=\"widget\" data-widget_type=\"breadcrumbs.default\">\n\t\t\t\t\t<p id=\"breadcrumbs\"><span><span><a href=\"https:\/\/domidea-ristrutturazioni.it\/en\/unique-homes-like-you\/\">Home<\/a><\/span><\/span><\/p>\t\t\t\t<\/div>\n\t\t\t\t\t<\/div>\n\t\t\t\t<\/div>\n\t\t<div class=\"elementor-element elementor-element-5e96d56 e-flex e-con-boxed e-con e-parent\" data-id=\"5e96d56\" data-element_type=\"container\" data-e-type=\"container\">\n\t\t\t\t\t<div class=\"e-con-inner\">\n\t\t\t\t<div class=\"elementor-element elementor-element-3005693 elementor-widget elementor-widget-text-editor\" data-id=\"3005693\" data-element_type=\"widget\" data-e-type=\"widget\" data-widget_type=\"text-editor.default\">\n\t\t\t\t\t\t\t\t\t<p><strong>A quote is an essential tool that provides those who decide to <\/strong><a href=\"https:\/\/domidea-ristrutturazioni.it\/en\/turnkey-home-renovation\/\"><strong>renovate their home or apartment<\/strong><\/a><strong> with a realistic and detailed overview of the total renovation costs<\/strong>.<\/p><p>It is important to compare multiple renovation quotes to identify the most cost-effective solutions. However, it should be considered that to evaluate a renovation quote, it is important to orient one&#8217;s choice towards the company able to offer the best quality\/price ratio for the services offered. For this reason, <strong>a valid quote must report in detail and completely the items related to the interventions<\/strong>, in line with the client&#8217;s most specific requests.  <\/p><p>Moreover, another important element should be considered. Was the quote prepared before or after the inspection of the property to be renovated?  <strong>A quote without an inspection can indeed be useful for orientation, but it cannot be rigorous, let alone definitive.<\/strong><\/p><p><strong>With Domidea Renovations, the site inspection and the <\/strong><a href=\"https:\/\/domidea-ristrutturazioni.it\/landing\/richiedi-preventivo\/\"><strong>home renovation estimate<\/strong><\/a> <strong>are both free and without obligation<\/strong>. Call us now and within 48 hours of your call, one of our architects will be at your location.<\/p>\t\t\t\t\t\t\t\t<\/div>\n\t\t\t\t\t<\/div>\n\t\t\t\t<\/div>\n\t\t<div class=\"elementor-element elementor-element-e53ca9d e-flex e-con-boxed e-con e-parent\" data-id=\"e53ca9d\" data-element_type=\"container\" data-e-type=\"container\">\n\t\t\t\t\t<div class=\"e-con-inner\">\n\t\t\t\t<div class=\"elementor-element elementor-element-a1ed5c8 elementor-widget elementor-widget-html\" data-id=\"a1ed5c8\" data-element_type=\"widget\" data-e-type=\"widget\" data-widget_type=\"html.default\">\n\t\t\t\t\t<script type=\"application\/ld+json\">{\n  \"@context\": \"https:\/\/schema.org\",\n  \"@type\": \"FAQPage\",\n  \"mainEntity\": {\n    \"@type\": \"Question\",\n    \"name\": \"Devo ristrutturare casa, come valuto un preventivo?\",\n    \"acceptedAnswer\": {\n      \"@type\": \"Answer\",\n      \"text\": \"Il preventivo \u00e8 uno strumento fondamentale che offre, a chi decide di ristrutturare casa o un appartamento, una panoramica realistica e dettagliata delle spese totali di una ristrutturazione.\n\n\u00c8 importante confrontare pi\u00f9 preventivi di ristrutturazione per individuare le soluzioni pi\u00f9 convenienti. Tuttavia, bisogna considerare che per valutare un preventivo di ristrutturazione \u00e8 importante orientare la propria scelta verso l\u2019azienda in grado di offrire il miglior rapporto qualit\u00e0\/prezzo per i servizi offerti. Per questa ragione un preventivo valido deve riportare in modo dettagliato e completo le voci relative agli interventi, in linea con le richieste pi\u00f9 specifiche del cliente.\n\nBisogna considerare, inoltre, anche un altro importante elemento. Il preventivo \u00e8 stato stilato prima o dopo del sopralluogo dell\u2019immobile da ristrutturare? Un preventivo senza sopralluogo infatti pu\u00f2 essere utile per orientarsi, ma non pu\u00f2 essere rigoroso, n\u00e9 tantomeno definitivo.\"\n    }\n  }\n}\n<\/script>\t\t\t\t<\/div>\n\t\t\t\t\t<\/div>\n\t\t\t\t<\/div>\n\t\t\t\t<\/div>\n\t\t","protected":false},"excerpt":{"rendered":"<p>I Need to Renovate My House, how Do I Evaluate a Quote? A quote is an essential tool that provides those who decide to renovate their home or apartment with a realistic and detailed overview of the total renovation costs. It is important to compare multiple renovation quotes to identify the most cost-effective solutions. However, [&hellip;]<\/p>\n","protected":false},"author":6,"featured_media":0,"parent":21379,"menu_order":0,"comment_status":"closed","ping_status":"closed","template":"","meta":{"_acf_changed":false,"_eb_attr":"","ngg_post_thumbnail":0,"footnotes":""},"class_list":["post-21579","page","type-page","status-publish","hentry"],"acf":[],"yoast_head":"<!-- This site is optimized with the Yoast SEO Premium plugin v27.4 (Yoast SEO v27.4) - https:\/\/yoast.com\/product\/yoast-seo-premium-wordpress\/ -->\n<title>How to Evaluate a Renovation Quote | Domidea<\/title>\n<meta name=\"description\" content=\"Comparing quotes is essential; however, identifying the least expensive contractor is not enough to evaluate the most valid one.\" \/>\n<meta name=\"robots\" content=\"index, follow, max-snippet:-1, max-image-preview:large, max-video-preview:-1\" \/>\n<link rel=\"canonical\" href=\"https:\/\/domidea-ristrutturazioni.it\/en\/frequently-asked-questions\/i-need-to-renovate-my-house-how-do-i-evaluate-a-quote\/\" \/>\n<meta property=\"og:locale\" content=\"en_US\" \/>\n<meta property=\"og:type\" content=\"article\" \/>\n<meta property=\"og:title\" content=\"I Need to Renovate My House, how Do I Evaluate a Quote?\" \/>\n<meta property=\"og:description\" content=\"Comparing quotes is essential; however, identifying the least expensive contractor is not enough to evaluate the most valid one.\" \/>\n<meta property=\"og:url\" content=\"https:\/\/domidea-ristrutturazioni.it\/en\/frequently-asked-questions\/i-need-to-renovate-my-house-how-do-i-evaluate-a-quote\/\" \/>\n<meta property=\"og:site_name\" content=\"Domidea Ristrutturazioni\" \/>\n<meta property=\"article:publisher\" content=\"https:\/\/www.facebook.com\/domidea.it\" \/>\n<meta property=\"article:modified_time\" content=\"2026-02-19T11:58:34+00:00\" \/>\n<meta property=\"og:image\" content=\"https:\/\/domidea-ristrutturazioni.it\/wp-content\/uploads\/2025\/10\/immagine-SEO-Sito.png\" \/>\n\t<meta property=\"og:image:width\" content=\"1200\" \/>\n\t<meta property=\"og:image:height\" content=\"675\" \/>\n\t<meta property=\"og:image:type\" content=\"image\/png\" \/>\n<meta name=\"twitter:card\" content=\"summary_large_image\" \/>\n<meta name=\"twitter:label1\" content=\"Est. reading time\" \/>\n\t<meta name=\"twitter:data1\" content=\"1 minute\" \/>\n<script type=\"application\/ld+json\" class=\"yoast-schema-graph\">{\"@context\":\"https:\\\/\\\/schema.org\",\"@graph\":[{\"@type\":\"WebPage\",\"@id\":\"https:\\\/\\\/domidea-ristrutturazioni.it\\\/en\\\/frequently-asked-questions\\\/i-need-to-renovate-my-house-how-do-i-evaluate-a-quote\\\/\",\"url\":\"https:\\\/\\\/domidea-ristrutturazioni.it\\\/en\\\/frequently-asked-questions\\\/i-need-to-renovate-my-house-how-do-i-evaluate-a-quote\\\/\",\"name\":\"How to Evaluate a Renovation Quote | Domidea\",\"isPartOf\":{\"@id\":\"https:\\\/\\\/domidea-ristrutturazioni.it\\\/en\\\/#website\"},\"datePublished\":\"2025-12-02T09:02:47+00:00\",\"dateModified\":\"2026-02-19T11:58:34+00:00\",\"description\":\"Comparing quotes is essential; however, identifying the least expensive contractor is not enough to evaluate the most valid one.\",\"breadcrumb\":{\"@id\":\"https:\\\/\\\/domidea-ristrutturazioni.it\\\/en\\\/frequently-asked-questions\\\/i-need-to-renovate-my-house-how-do-i-evaluate-a-quote\\\/#breadcrumb\"},\"inLanguage\":\"en-US\",\"potentialAction\":[{\"@type\":\"ReadAction\",\"target\":[\"https:\\\/\\\/domidea-ristrutturazioni.it\\\/en\\\/frequently-asked-questions\\\/i-need-to-renovate-my-house-how-do-i-evaluate-a-quote\\\/\"]}]},{\"@type\":\"BreadcrumbList\",\"@id\":\"https:\\\/\\\/domidea-ristrutturazioni.it\\\/en\\\/frequently-asked-questions\\\/i-need-to-renovate-my-house-how-do-i-evaluate-a-quote\\\/#breadcrumb\",\"itemListElement\":[{\"@type\":\"ListItem\",\"position\":1,\"name\":\"Home\",\"item\":\"https:\\\/\\\/domidea-ristrutturazioni.it\\\/en\\\/unique-homes-like-you\\\/\"},{\"@type\":\"ListItem\",\"position\":2,\"name\":\"Frequently Asked Questions\",\"item\":\"https:\\\/\\\/domidea-ristrutturazioni.it\\\/en\\\/frequently-asked-questions\\\/\"},{\"@type\":\"ListItem\",\"position\":3,\"name\":\"I Need to Renovate My House, how Do I Evaluate a Quote?\"}]},{\"@type\":\"WebSite\",\"@id\":\"https:\\\/\\\/domidea-ristrutturazioni.it\\\/en\\\/#website\",\"url\":\"https:\\\/\\\/domidea-ristrutturazioni.it\\\/en\\\/\",\"name\":\"Domidea Ristrutturazioni & Interior Design\",\"description\":\"Progettiamo e Realizziamo Case Uniche...Come Te!\",\"publisher\":{\"@id\":\"https:\\\/\\\/domidea-ristrutturazioni.it\\\/en\\\/#organization\"},\"alternateName\":\"Domidea Ristrutturazioni\",\"potentialAction\":[{\"@type\":\"SearchAction\",\"target\":{\"@type\":\"EntryPoint\",\"urlTemplate\":\"https:\\\/\\\/domidea-ristrutturazioni.it\\\/en\\\/?s={search_term_string}\"},\"query-input\":{\"@type\":\"PropertyValueSpecification\",\"valueRequired\":true,\"valueName\":\"search_term_string\"}}],\"inLanguage\":\"en-US\"},{\"@type\":[\"Organization\",\"Place\"],\"@id\":\"https:\\\/\\\/domidea-ristrutturazioni.it\\\/en\\\/#organization\",\"name\":\"Domidea Ristrutturazioni & Interior Design\",\"url\":\"https:\\\/\\\/domidea-ristrutturazioni.it\\\/en\\\/\",\"logo\":{\"@id\":\"https:\\\/\\\/domidea-ristrutturazioni.it\\\/en\\\/frequently-asked-questions\\\/i-need-to-renovate-my-house-how-do-i-evaluate-a-quote\\\/#local-main-organization-logo\"},\"image\":{\"@id\":\"https:\\\/\\\/domidea-ristrutturazioni.it\\\/en\\\/frequently-asked-questions\\\/i-need-to-renovate-my-house-how-do-i-evaluate-a-quote\\\/#local-main-organization-logo\"},\"sameAs\":[\"https:\\\/\\\/www.facebook.com\\\/domidea.it\",\"https:\\\/\\\/www.instagram.com\\\/domidea.it\\\/\",\"https:\\\/\\\/www.linkedin.com\\\/company\\\/domidea-it\"],\"telephone\":[],\"openingHoursSpecification\":[{\"@type\":\"OpeningHoursSpecification\",\"dayOfWeek\":[\"Monday\",\"Tuesday\",\"Wednesday\",\"Thursday\",\"Friday\",\"Saturday\",\"Sunday\"],\"opens\":\"09:00\",\"closes\":\"17:00\"}]},{\"@type\":\"ImageObject\",\"inLanguage\":\"en-US\",\"@id\":\"https:\\\/\\\/domidea-ristrutturazioni.it\\\/en\\\/frequently-asked-questions\\\/i-need-to-renovate-my-house-how-do-i-evaluate-a-quote\\\/#local-main-organization-logo\",\"url\":\"https:\\\/\\\/domidea-ristrutturazioni.it\\\/wp-content\\\/uploads\\\/2025\\\/09\\\/white_logo_black_background_1024-300x180-1.png\",\"contentUrl\":\"https:\\\/\\\/domidea-ristrutturazioni.it\\\/wp-content\\\/uploads\\\/2025\\\/09\\\/white_logo_black_background_1024-300x180-1.png\",\"width\":300,\"height\":180,\"caption\":\"Domidea Ristrutturazioni & Interior Design\"}]}<\/script>\n<!-- \/ Yoast SEO Premium plugin. -->","yoast_head_json":{"title":"How to Evaluate a Renovation Quote | Domidea","description":"Comparing quotes is essential; however, identifying the least expensive contractor is not enough to evaluate the most valid one.","robots":{"index":"index","follow":"follow","max-snippet":"max-snippet:-1","max-image-preview":"max-image-preview:large","max-video-preview":"max-video-preview:-1"},"canonical":"https:\/\/domidea-ristrutturazioni.it\/en\/frequently-asked-questions\/i-need-to-renovate-my-house-how-do-i-evaluate-a-quote\/","og_locale":"en_US","og_type":"article","og_title":"I Need to Renovate My House, how Do I Evaluate a Quote?","og_description":"Comparing quotes is essential; however, identifying the least expensive contractor is not enough to evaluate the most valid one.","og_url":"https:\/\/domidea-ristrutturazioni.it\/en\/frequently-asked-questions\/i-need-to-renovate-my-house-how-do-i-evaluate-a-quote\/","og_site_name":"Domidea Ristrutturazioni","article_publisher":"https:\/\/www.facebook.com\/domidea.it","article_modified_time":"2026-02-19T11:58:34+00:00","og_image":[{"width":1200,"height":675,"url":"https:\/\/domidea-ristrutturazioni.it\/wp-content\/uploads\/2025\/10\/immagine-SEO-Sito.png","type":"image\/png"}],"twitter_card":"summary_large_image","twitter_misc":{"Est. reading time":"1 minute"},"schema":{"@context":"https:\/\/schema.org","@graph":[{"@type":"WebPage","@id":"https:\/\/domidea-ristrutturazioni.it\/en\/frequently-asked-questions\/i-need-to-renovate-my-house-how-do-i-evaluate-a-quote\/","url":"https:\/\/domidea-ristrutturazioni.it\/en\/frequently-asked-questions\/i-need-to-renovate-my-house-how-do-i-evaluate-a-quote\/","name":"How to Evaluate a Renovation Quote | Domidea","isPartOf":{"@id":"https:\/\/domidea-ristrutturazioni.it\/en\/#website"},"datePublished":"2025-12-02T09:02:47+00:00","dateModified":"2026-02-19T11:58:34+00:00","description":"Comparing quotes is essential; however, identifying the least expensive contractor is not enough to evaluate the most valid one.","breadcrumb":{"@id":"https:\/\/domidea-ristrutturazioni.it\/en\/frequently-asked-questions\/i-need-to-renovate-my-house-how-do-i-evaluate-a-quote\/#breadcrumb"},"inLanguage":"en-US","potentialAction":[{"@type":"ReadAction","target":["https:\/\/domidea-ristrutturazioni.it\/en\/frequently-asked-questions\/i-need-to-renovate-my-house-how-do-i-evaluate-a-quote\/"]}]},{"@type":"BreadcrumbList","@id":"https:\/\/domidea-ristrutturazioni.it\/en\/frequently-asked-questions\/i-need-to-renovate-my-house-how-do-i-evaluate-a-quote\/#breadcrumb","itemListElement":[{"@type":"ListItem","position":1,"name":"Home","item":"https:\/\/domidea-ristrutturazioni.it\/en\/unique-homes-like-you\/"},{"@type":"ListItem","position":2,"name":"Frequently Asked Questions","item":"https:\/\/domidea-ristrutturazioni.it\/en\/frequently-asked-questions\/"},{"@type":"ListItem","position":3,"name":"I Need to Renovate My House, how Do I Evaluate a Quote?"}]},{"@type":"WebSite","@id":"https:\/\/domidea-ristrutturazioni.it\/en\/#website","url":"https:\/\/domidea-ristrutturazioni.it\/en\/","name":"Domidea Ristrutturazioni & Interior Design","description":"Progettiamo e Realizziamo Case Uniche...Come Te!","publisher":{"@id":"https:\/\/domidea-ristrutturazioni.it\/en\/#organization"},"alternateName":"Domidea Ristrutturazioni","potentialAction":[{"@type":"SearchAction","target":{"@type":"EntryPoint","urlTemplate":"https:\/\/domidea-ristrutturazioni.it\/en\/?s={search_term_string}"},"query-input":{"@type":"PropertyValueSpecification","valueRequired":true,"valueName":"search_term_string"}}],"inLanguage":"en-US"},{"@type":["Organization","Place"],"@id":"https:\/\/domidea-ristrutturazioni.it\/en\/#organization","name":"Domidea Ristrutturazioni & Interior Design","url":"https:\/\/domidea-ristrutturazioni.it\/en\/","logo":{"@id":"https:\/\/domidea-ristrutturazioni.it\/en\/frequently-asked-questions\/i-need-to-renovate-my-house-how-do-i-evaluate-a-quote\/#local-main-organization-logo"},"image":{"@id":"https:\/\/domidea-ristrutturazioni.it\/en\/frequently-asked-questions\/i-need-to-renovate-my-house-how-do-i-evaluate-a-quote\/#local-main-organization-logo"},"sameAs":["https:\/\/www.facebook.com\/domidea.it","https:\/\/www.instagram.com\/domidea.it\/","https:\/\/www.linkedin.com\/company\/domidea-it"],"telephone":[],"openingHoursSpecification":[{"@type":"OpeningHoursSpecification","dayOfWeek":["Monday","Tuesday","Wednesday","Thursday","Friday","Saturday","Sunday"],"opens":"09:00","closes":"17:00"}]},{"@type":"ImageObject","inLanguage":"en-US","@id":"https:\/\/domidea-ristrutturazioni.it\/en\/frequently-asked-questions\/i-need-to-renovate-my-house-how-do-i-evaluate-a-quote\/#local-main-organization-logo","url":"https:\/\/domidea-ristrutturazioni.it\/wp-content\/uploads\/2025\/09\/white_logo_black_background_1024-300x180-1.png","contentUrl":"https:\/\/domidea-ristrutturazioni.it\/wp-content\/uploads\/2025\/09\/white_logo_black_background_1024-300x180-1.png","width":300,"height":180,"caption":"Domidea Ristrutturazioni & Interior Design"}]}},"_links":{"self":[{"href":"https:\/\/domidea-ristrutturazioni.it\/en\/wp-json\/wp\/v2\/pages\/21579","targetHints":{"allow":["GET"]}}],"collection":[{"href":"https:\/\/domidea-ristrutturazioni.it\/en\/wp-json\/wp\/v2\/pages"}],"about":[{"href":"https:\/\/domidea-ristrutturazioni.it\/en\/wp-json\/wp\/v2\/types\/page"}],"author":[{"embeddable":true,"href":"https:\/\/domidea-ristrutturazioni.it\/en\/wp-json\/wp\/v2\/users\/6"}],"replies":[{"embeddable":true,"href":"https:\/\/domidea-ristrutturazioni.it\/en\/wp-json\/wp\/v2\/comments?post=21579"}],"version-history":[{"count":3,"href":"https:\/\/domidea-ristrutturazioni.it\/en\/wp-json\/wp\/v2\/pages\/21579\/revisions"}],"predecessor-version":[{"id":22578,"href":"https:\/\/domidea-ristrutturazioni.it\/en\/wp-json\/wp\/v2\/pages\/21579\/revisions\/22578"}],"up":[{"embeddable":true,"href":"https:\/\/domidea-ristrutturazioni.it\/en\/wp-json\/wp\/v2\/pages\/21379"}],"wp:attachment":[{"href":"https:\/\/domidea-ristrutturazioni.it\/en\/wp-json\/wp\/v2\/media?parent=21579"}],"curies":[{"name":"wp","href":"https:\/\/api.w.org\/{rel}","templated":true}]}}