{"id":21575,"date":"2025-12-02T09:02:47","date_gmt":"2025-12-02T09:02:47","guid":{"rendered":"https:\/\/domidea-ristrutturazioni.it\/frequently-asked-questions\/does-domidea-also-handle-the-renovation-and-restyling-of-offices\/"},"modified":"2026-01-19T15:40:50","modified_gmt":"2026-01-19T15:40:50","slug":"does-domidea-also-handle-the-renovation-and-restyling-of-offices","status":"publish","type":"page","link":"https:\/\/domidea-ristrutturazioni.it\/en\/frequently-asked-questions\/does-domidea-also-handle-the-renovation-and-restyling-of-offices\/","title":{"rendered":"Does Domidea also Handle the Renovation and Restyling of Offices?"},"content":{"rendered":"\t\t<div data-elementor-type=\"wp-page\" data-elementor-id=\"21575\" class=\"elementor elementor-21575 elementor-21458\" data-elementor-post-type=\"page\">\n\t\t\t\t<div class=\"elementor-element elementor-element-568f7f2 e-flex e-con-boxed e-con e-parent\" data-id=\"568f7f2\" data-element_type=\"container\" data-e-type=\"container\" data-settings=\"{&quot;background_background&quot;:&quot;classic&quot;}\">\n\t\t\t\t\t<div class=\"e-con-inner\">\n\t\t\t\t<div class=\"elementor-element elementor-element-2f93fca elementor-widget elementor-widget-heading\" data-id=\"2f93fca\" data-element_type=\"widget\" data-e-type=\"widget\" data-widget_type=\"heading.default\">\n\t\t\t\t\t<h1 class=\"elementor-heading-title elementor-size-default\">Does Domidea also Handle the Renovation and Restyling of Offices?<\/h1>\t\t\t\t<\/div>\n\t\t\t\t<div class=\"elementor-element elementor-element-7006701 elementor-widget-divider--view-line elementor-widget elementor-widget-divider\" data-id=\"7006701\" data-element_type=\"widget\" data-e-type=\"widget\" data-widget_type=\"divider.default\">\n\t\t\t\t\t\t\t<div class=\"elementor-divider\">\n\t\t\t<span class=\"elementor-divider-separator\">\n\t\t\t\t\t\t<\/span>\n\t\t<\/div>\n\t\t\t\t\t\t<\/div>\n\t\t\t\t\t<\/div>\n\t\t\t\t<\/div>\n\t\t<div class=\"elementor-element elementor-element-e3bda05 e-flex e-con-boxed e-con e-parent\" data-id=\"e3bda05\" data-element_type=\"container\" data-e-type=\"container\">\n\t\t\t\t\t<div class=\"e-con-inner\">\n\t\t\t\t<div class=\"elementor-element elementor-element-7c21d70 elementor-align-left elementor-widget elementor-widget-breadcrumbs\" data-id=\"7c21d70\" data-element_type=\"widget\" data-e-type=\"widget\" data-widget_type=\"breadcrumbs.default\">\n\t\t\t\t\t<p id=\"breadcrumbs\"><span><span><a href=\"https:\/\/domidea-ristrutturazioni.it\/en\/unique-homes-like-you\/\">Home<\/a><\/span><\/span><\/p>\t\t\t\t<\/div>\n\t\t\t\t\t<\/div>\n\t\t\t\t<\/div>\n\t\t<div class=\"elementor-element elementor-element-5e96d56 e-flex e-con-boxed e-con e-parent\" data-id=\"5e96d56\" data-element_type=\"container\" data-e-type=\"container\">\n\t\t\t\t\t<div class=\"e-con-inner\">\n\t\t\t\t<div class=\"elementor-element elementor-element-3005693 elementor-widget elementor-widget-text-editor\" data-id=\"3005693\" data-element_type=\"widget\" data-e-type=\"widget\" data-widget_type=\"text-editor.default\">\n\t\t\t\t\t\t\t\t\t<p>Domidea also handles the <a href=\"https:\/\/domidea-ristrutturazioni.it\/en\/office-renovation\/\">renovation and restyling of offices<\/a> of various types, from home offices to <em>open spaces<\/em>. The office is a special place, a space for socializing and meeting. It is the environment we choose for reflection and creation. It must express our mission and be able to inspire us.<\/p><p>For this reason, we renovate and carry out the complete restyling of your office, guaranteeing you the consultation of the best experts in the field. Your trusted Architect will propose practical and effective solutions, favoring high-quality materials, advising on selected furnishing accessories, designing the best lighting, studying in detail the harmony and functionality of the spaces. <\/p>\t\t\t\t\t\t\t\t<\/div>\n\t\t\t\t\t<\/div>\n\t\t\t\t<\/div>\n\t\t<div class=\"elementor-element elementor-element-8d5e0aa e-flex e-con-boxed e-con e-parent\" data-id=\"8d5e0aa\" data-element_type=\"container\" data-e-type=\"container\">\n\t\t\t\t\t<div class=\"e-con-inner\">\n\t\t\t\t<div class=\"elementor-element elementor-element-2cbd84e elementor-widget elementor-widget-html\" data-id=\"2cbd84e\" data-element_type=\"widget\" data-e-type=\"widget\" data-widget_type=\"html.default\">\n\t\t\t\t\t<script type=\"application\/ld+json\">{\n  \"@context\": \"https:\/\/schema.org\",\n  \"@type\": \"FAQPage\",\n  \"mainEntity\": {\n    \"@type\": \"Question\",\n    \"name\": \"Domidea si occupa anche della ristrutturazione e del restyling degli uffici?\",\n    \"acceptedAnswer\": {\n      \"@type\": \"Answer\",\n      \"text\": \"Domidea si occupa anche della ristrutturazione e del restyling di uffici di vario genere, dagli uffici domestici agli open space. L\u2019ufficio \u00e8 uno luogo speciale, \u00e8 uno spazio di socialit\u00e0 e d\u2019incontro. \u00c8 l\u2019ambiente che scegliamo per riflettere e per creare. Deve esprimere la nostra missione e saperci ispirare. Per questo, ristrutturiamo ed effettuiamo il restyling completo del tuo ufficio, garantendoti la consulenza dei migliori esperti in materia. Il tuo Architetto di fiducia ti proporr\u00e0 soluzioni pratiche e d\u2019effetto, privilegiando materiali d\u2019alta qualit\u00e0, consigliando complementi d\u2019arredo scelti, progettando la migliore illuminazione, studiando in ogni dettaglio l\u2019armonia e la funzionalit\u00e0 degli spazi.\"\n    }\n  }\n}\n<\/script>\t\t\t\t<\/div>\n\t\t\t\t\t<\/div>\n\t\t\t\t<\/div>\n\t\t\t\t<\/div>\n\t\t","protected":false},"excerpt":{"rendered":"<p>Does Domidea also Handle the Renovation and Restyling of Offices? Domidea also handles the renovation and restyling of offices of various types, from home offices to open spaces. The office is a special place, a space for socializing and meeting. It is the environment we choose for reflection and creation. It must express our mission [&hellip;]<\/p>\n","protected":false},"author":6,"featured_media":0,"parent":21379,"menu_order":0,"comment_status":"closed","ping_status":"closed","template":"","meta":{"_acf_changed":false,"_eb_attr":"","ngg_post_thumbnail":0,"footnotes":""},"class_list":["post-21575","page","type-page","status-publish","hentry"],"acf":[],"yoast_head":"<!-- This site is optimized with the Yoast SEO Premium plugin v27.4 (Yoast SEO v27.4) - https:\/\/yoast.com\/product\/yoast-seo-premium-wordpress\/ -->\n<title>Office Renovation and Restyling | Domidea<\/title>\n<meta name=\"description\" content=\"Domidea specializes in renovation and restyling of home offices to open spaces, ensuring consultation with the finest experts.\" \/>\n<meta name=\"robots\" content=\"index, follow, max-snippet:-1, max-image-preview:large, max-video-preview:-1\" \/>\n<link rel=\"canonical\" href=\"https:\/\/domidea-ristrutturazioni.it\/en\/frequently-asked-questions\/does-domidea-also-handle-the-renovation-and-restyling-of-offices\/\" \/>\n<meta property=\"og:locale\" content=\"en_US\" \/>\n<meta property=\"og:type\" content=\"article\" \/>\n<meta property=\"og:title\" content=\"Does Domidea also Handle the Renovation and Restyling of Offices?\" \/>\n<meta property=\"og:description\" content=\"Domidea specializes in renovation and restyling of home offices to open spaces, ensuring consultation with the finest experts.\" \/>\n<meta property=\"og:url\" content=\"https:\/\/domidea-ristrutturazioni.it\/en\/frequently-asked-questions\/does-domidea-also-handle-the-renovation-and-restyling-of-offices\/\" \/>\n<meta property=\"og:site_name\" content=\"Domidea Ristrutturazioni\" \/>\n<meta property=\"article:publisher\" content=\"https:\/\/www.facebook.com\/domidea.it\" \/>\n<meta property=\"article:modified_time\" content=\"2026-01-19T15:40:50+00:00\" \/>\n<meta property=\"og:image\" content=\"https:\/\/domidea-ristrutturazioni.it\/wp-content\/uploads\/2025\/10\/immagine-SEO-Sito.png\" \/>\n\t<meta property=\"og:image:width\" content=\"1200\" \/>\n\t<meta property=\"og:image:height\" content=\"675\" \/>\n\t<meta property=\"og:image:type\" content=\"image\/png\" \/>\n<meta name=\"twitter:card\" content=\"summary_large_image\" \/>\n<meta name=\"twitter:label1\" content=\"Est. reading time\" \/>\n\t<meta name=\"twitter:data1\" content=\"1 minute\" \/>\n<script type=\"application\/ld+json\" class=\"yoast-schema-graph\">{\"@context\":\"https:\\\/\\\/schema.org\",\"@graph\":[{\"@type\":\"WebPage\",\"@id\":\"https:\\\/\\\/domidea-ristrutturazioni.it\\\/en\\\/frequently-asked-questions\\\/does-domidea-also-handle-the-renovation-and-restyling-of-offices\\\/\",\"url\":\"https:\\\/\\\/domidea-ristrutturazioni.it\\\/en\\\/frequently-asked-questions\\\/does-domidea-also-handle-the-renovation-and-restyling-of-offices\\\/\",\"name\":\"Office Renovation and Restyling | Domidea\",\"isPartOf\":{\"@id\":\"https:\\\/\\\/domidea-ristrutturazioni.it\\\/en\\\/#website\"},\"datePublished\":\"2025-12-02T09:02:47+00:00\",\"dateModified\":\"2026-01-19T15:40:50+00:00\",\"description\":\"Domidea specializes in renovation and restyling of home offices to open spaces, ensuring consultation with the finest experts.\",\"breadcrumb\":{\"@id\":\"https:\\\/\\\/domidea-ristrutturazioni.it\\\/en\\\/frequently-asked-questions\\\/does-domidea-also-handle-the-renovation-and-restyling-of-offices\\\/#breadcrumb\"},\"inLanguage\":\"en-US\",\"potentialAction\":[{\"@type\":\"ReadAction\",\"target\":[\"https:\\\/\\\/domidea-ristrutturazioni.it\\\/en\\\/frequently-asked-questions\\\/does-domidea-also-handle-the-renovation-and-restyling-of-offices\\\/\"]}]},{\"@type\":\"BreadcrumbList\",\"@id\":\"https:\\\/\\\/domidea-ristrutturazioni.it\\\/en\\\/frequently-asked-questions\\\/does-domidea-also-handle-the-renovation-and-restyling-of-offices\\\/#breadcrumb\",\"itemListElement\":[{\"@type\":\"ListItem\",\"position\":1,\"name\":\"Home\",\"item\":\"https:\\\/\\\/domidea-ristrutturazioni.it\\\/en\\\/unique-homes-like-you\\\/\"},{\"@type\":\"ListItem\",\"position\":2,\"name\":\"Frequently Asked Questions\",\"item\":\"https:\\\/\\\/domidea-ristrutturazioni.it\\\/en\\\/frequently-asked-questions\\\/\"},{\"@type\":\"ListItem\",\"position\":3,\"name\":\"Does Domidea also Handle the Renovation and Restyling of Offices?\"}]},{\"@type\":\"WebSite\",\"@id\":\"https:\\\/\\\/domidea-ristrutturazioni.it\\\/en\\\/#website\",\"url\":\"https:\\\/\\\/domidea-ristrutturazioni.it\\\/en\\\/\",\"name\":\"Domidea Ristrutturazioni & Interior Design\",\"description\":\"Progettiamo e Realizziamo Case Uniche...Come Te!\",\"publisher\":{\"@id\":\"https:\\\/\\\/domidea-ristrutturazioni.it\\\/en\\\/#organization\"},\"alternateName\":\"Domidea Ristrutturazioni\",\"potentialAction\":[{\"@type\":\"SearchAction\",\"target\":{\"@type\":\"EntryPoint\",\"urlTemplate\":\"https:\\\/\\\/domidea-ristrutturazioni.it\\\/en\\\/?s={search_term_string}\"},\"query-input\":{\"@type\":\"PropertyValueSpecification\",\"valueRequired\":true,\"valueName\":\"search_term_string\"}}],\"inLanguage\":\"en-US\"},{\"@type\":[\"Organization\",\"Place\"],\"@id\":\"https:\\\/\\\/domidea-ristrutturazioni.it\\\/en\\\/#organization\",\"name\":\"Domidea Ristrutturazioni & Interior Design\",\"url\":\"https:\\\/\\\/domidea-ristrutturazioni.it\\\/en\\\/\",\"logo\":{\"@id\":\"https:\\\/\\\/domidea-ristrutturazioni.it\\\/en\\\/frequently-asked-questions\\\/does-domidea-also-handle-the-renovation-and-restyling-of-offices\\\/#local-main-organization-logo\"},\"image\":{\"@id\":\"https:\\\/\\\/domidea-ristrutturazioni.it\\\/en\\\/frequently-asked-questions\\\/does-domidea-also-handle-the-renovation-and-restyling-of-offices\\\/#local-main-organization-logo\"},\"sameAs\":[\"https:\\\/\\\/www.facebook.com\\\/domidea.it\",\"https:\\\/\\\/www.instagram.com\\\/domidea.it\\\/\",\"https:\\\/\\\/www.linkedin.com\\\/company\\\/domidea-it\"],\"telephone\":[],\"openingHoursSpecification\":[{\"@type\":\"OpeningHoursSpecification\",\"dayOfWeek\":[\"Monday\",\"Tuesday\",\"Wednesday\",\"Thursday\",\"Friday\",\"Saturday\",\"Sunday\"],\"opens\":\"09:00\",\"closes\":\"17:00\"}]},{\"@type\":\"ImageObject\",\"inLanguage\":\"en-US\",\"@id\":\"https:\\\/\\\/domidea-ristrutturazioni.it\\\/en\\\/frequently-asked-questions\\\/does-domidea-also-handle-the-renovation-and-restyling-of-offices\\\/#local-main-organization-logo\",\"url\":\"https:\\\/\\\/domidea-ristrutturazioni.it\\\/wp-content\\\/uploads\\\/2025\\\/09\\\/white_logo_black_background_1024-300x180-1.png\",\"contentUrl\":\"https:\\\/\\\/domidea-ristrutturazioni.it\\\/wp-content\\\/uploads\\\/2025\\\/09\\\/white_logo_black_background_1024-300x180-1.png\",\"width\":300,\"height\":180,\"caption\":\"Domidea Ristrutturazioni & Interior Design\"}]}<\/script>\n<!-- \/ Yoast SEO Premium plugin. -->","yoast_head_json":{"title":"Office Renovation and Restyling | Domidea","description":"Domidea specializes in renovation and restyling of home offices to open spaces, ensuring consultation with the finest experts.","robots":{"index":"index","follow":"follow","max-snippet":"max-snippet:-1","max-image-preview":"max-image-preview:large","max-video-preview":"max-video-preview:-1"},"canonical":"https:\/\/domidea-ristrutturazioni.it\/en\/frequently-asked-questions\/does-domidea-also-handle-the-renovation-and-restyling-of-offices\/","og_locale":"en_US","og_type":"article","og_title":"Does Domidea also Handle the Renovation and Restyling of Offices?","og_description":"Domidea specializes in renovation and restyling of home offices to open spaces, ensuring consultation with the finest experts.","og_url":"https:\/\/domidea-ristrutturazioni.it\/en\/frequently-asked-questions\/does-domidea-also-handle-the-renovation-and-restyling-of-offices\/","og_site_name":"Domidea Ristrutturazioni","article_publisher":"https:\/\/www.facebook.com\/domidea.it","article_modified_time":"2026-01-19T15:40:50+00:00","og_image":[{"width":1200,"height":675,"url":"https:\/\/domidea-ristrutturazioni.it\/wp-content\/uploads\/2025\/10\/immagine-SEO-Sito.png","type":"image\/png"}],"twitter_card":"summary_large_image","twitter_misc":{"Est. reading time":"1 minute"},"schema":{"@context":"https:\/\/schema.org","@graph":[{"@type":"WebPage","@id":"https:\/\/domidea-ristrutturazioni.it\/en\/frequently-asked-questions\/does-domidea-also-handle-the-renovation-and-restyling-of-offices\/","url":"https:\/\/domidea-ristrutturazioni.it\/en\/frequently-asked-questions\/does-domidea-also-handle-the-renovation-and-restyling-of-offices\/","name":"Office Renovation and Restyling | Domidea","isPartOf":{"@id":"https:\/\/domidea-ristrutturazioni.it\/en\/#website"},"datePublished":"2025-12-02T09:02:47+00:00","dateModified":"2026-01-19T15:40:50+00:00","description":"Domidea specializes in renovation and restyling of home offices to open spaces, ensuring consultation with the finest experts.","breadcrumb":{"@id":"https:\/\/domidea-ristrutturazioni.it\/en\/frequently-asked-questions\/does-domidea-also-handle-the-renovation-and-restyling-of-offices\/#breadcrumb"},"inLanguage":"en-US","potentialAction":[{"@type":"ReadAction","target":["https:\/\/domidea-ristrutturazioni.it\/en\/frequently-asked-questions\/does-domidea-also-handle-the-renovation-and-restyling-of-offices\/"]}]},{"@type":"BreadcrumbList","@id":"https:\/\/domidea-ristrutturazioni.it\/en\/frequently-asked-questions\/does-domidea-also-handle-the-renovation-and-restyling-of-offices\/#breadcrumb","itemListElement":[{"@type":"ListItem","position":1,"name":"Home","item":"https:\/\/domidea-ristrutturazioni.it\/en\/unique-homes-like-you\/"},{"@type":"ListItem","position":2,"name":"Frequently Asked Questions","item":"https:\/\/domidea-ristrutturazioni.it\/en\/frequently-asked-questions\/"},{"@type":"ListItem","position":3,"name":"Does Domidea also Handle the Renovation and Restyling of Offices?"}]},{"@type":"WebSite","@id":"https:\/\/domidea-ristrutturazioni.it\/en\/#website","url":"https:\/\/domidea-ristrutturazioni.it\/en\/","name":"Domidea Ristrutturazioni & Interior Design","description":"Progettiamo e Realizziamo Case Uniche...Come Te!","publisher":{"@id":"https:\/\/domidea-ristrutturazioni.it\/en\/#organization"},"alternateName":"Domidea Ristrutturazioni","potentialAction":[{"@type":"SearchAction","target":{"@type":"EntryPoint","urlTemplate":"https:\/\/domidea-ristrutturazioni.it\/en\/?s={search_term_string}"},"query-input":{"@type":"PropertyValueSpecification","valueRequired":true,"valueName":"search_term_string"}}],"inLanguage":"en-US"},{"@type":["Organization","Place"],"@id":"https:\/\/domidea-ristrutturazioni.it\/en\/#organization","name":"Domidea Ristrutturazioni & Interior Design","url":"https:\/\/domidea-ristrutturazioni.it\/en\/","logo":{"@id":"https:\/\/domidea-ristrutturazioni.it\/en\/frequently-asked-questions\/does-domidea-also-handle-the-renovation-and-restyling-of-offices\/#local-main-organization-logo"},"image":{"@id":"https:\/\/domidea-ristrutturazioni.it\/en\/frequently-asked-questions\/does-domidea-also-handle-the-renovation-and-restyling-of-offices\/#local-main-organization-logo"},"sameAs":["https:\/\/www.facebook.com\/domidea.it","https:\/\/www.instagram.com\/domidea.it\/","https:\/\/www.linkedin.com\/company\/domidea-it"],"telephone":[],"openingHoursSpecification":[{"@type":"OpeningHoursSpecification","dayOfWeek":["Monday","Tuesday","Wednesday","Thursday","Friday","Saturday","Sunday"],"opens":"09:00","closes":"17:00"}]},{"@type":"ImageObject","inLanguage":"en-US","@id":"https:\/\/domidea-ristrutturazioni.it\/en\/frequently-asked-questions\/does-domidea-also-handle-the-renovation-and-restyling-of-offices\/#local-main-organization-logo","url":"https:\/\/domidea-ristrutturazioni.it\/wp-content\/uploads\/2025\/09\/white_logo_black_background_1024-300x180-1.png","contentUrl":"https:\/\/domidea-ristrutturazioni.it\/wp-content\/uploads\/2025\/09\/white_logo_black_background_1024-300x180-1.png","width":300,"height":180,"caption":"Domidea Ristrutturazioni & Interior Design"}]}},"_links":{"self":[{"href":"https:\/\/domidea-ristrutturazioni.it\/en\/wp-json\/wp\/v2\/pages\/21575","targetHints":{"allow":["GET"]}}],"collection":[{"href":"https:\/\/domidea-ristrutturazioni.it\/en\/wp-json\/wp\/v2\/pages"}],"about":[{"href":"https:\/\/domidea-ristrutturazioni.it\/en\/wp-json\/wp\/v2\/types\/page"}],"author":[{"embeddable":true,"href":"https:\/\/domidea-ristrutturazioni.it\/en\/wp-json\/wp\/v2\/users\/6"}],"replies":[{"embeddable":true,"href":"https:\/\/domidea-ristrutturazioni.it\/en\/wp-json\/wp\/v2\/comments?post=21575"}],"version-history":[{"count":2,"href":"https:\/\/domidea-ristrutturazioni.it\/en\/wp-json\/wp\/v2\/pages\/21575\/revisions"}],"predecessor-version":[{"id":22083,"href":"https:\/\/domidea-ristrutturazioni.it\/en\/wp-json\/wp\/v2\/pages\/21575\/revisions\/22083"}],"up":[{"embeddable":true,"href":"https:\/\/domidea-ristrutturazioni.it\/en\/wp-json\/wp\/v2\/pages\/21379"}],"wp:attachment":[{"href":"https:\/\/domidea-ristrutturazioni.it\/en\/wp-json\/wp\/v2\/media?parent=21575"}],"curies":[{"name":"wp","href":"https:\/\/api.w.org\/{rel}","templated":true}]}}