{"id":21572,"date":"2025-12-02T09:02:42","date_gmt":"2025-12-02T09:02:42","guid":{"rendered":"https:\/\/domidea-ristrutturazioni.it\/frequently-asked-questions\/who-will-be-in-charge-of-the-project\/"},"modified":"2026-01-19T15:13:56","modified_gmt":"2026-01-19T15:13:56","slug":"who-will-be-in-charge-of-the-project","status":"publish","type":"page","link":"https:\/\/domidea-ristrutturazioni.it\/en\/frequently-asked-questions\/who-will-be-in-charge-of-the-project\/","title":{"rendered":"Who Will be in Charge of the Project?"},"content":{"rendered":"\t\t<div data-elementor-type=\"wp-page\" data-elementor-id=\"21572\" class=\"elementor elementor-21572 elementor-21423\" data-elementor-post-type=\"page\">\n\t\t\t\t<div class=\"elementor-element elementor-element-568f7f2 e-flex e-con-boxed e-con e-parent\" data-id=\"568f7f2\" data-element_type=\"container\" data-e-type=\"container\" data-settings=\"{&quot;background_background&quot;:&quot;classic&quot;}\">\n\t\t\t\t\t<div class=\"e-con-inner\">\n\t\t\t\t<div class=\"elementor-element elementor-element-2f93fca elementor-widget elementor-widget-heading\" data-id=\"2f93fca\" data-element_type=\"widget\" data-e-type=\"widget\" data-widget_type=\"heading.default\">\n\t\t\t\t\t<h1 class=\"elementor-heading-title elementor-size-default\">Who Will be in Charge of the Project?<\/h1>\t\t\t\t<\/div>\n\t\t\t\t<div class=\"elementor-element elementor-element-7006701 elementor-widget-divider--view-line elementor-widget elementor-widget-divider\" data-id=\"7006701\" data-element_type=\"widget\" data-e-type=\"widget\" data-widget_type=\"divider.default\">\n\t\t\t\t\t\t\t<div class=\"elementor-divider\">\n\t\t\t<span class=\"elementor-divider-separator\">\n\t\t\t\t\t\t<\/span>\n\t\t<\/div>\n\t\t\t\t\t\t<\/div>\n\t\t\t\t\t<\/div>\n\t\t\t\t<\/div>\n\t\t<div class=\"elementor-element elementor-element-e3bda05 e-flex e-con-boxed e-con e-parent\" data-id=\"e3bda05\" data-element_type=\"container\" data-e-type=\"container\">\n\t\t\t\t\t<div class=\"e-con-inner\">\n\t\t\t\t<div class=\"elementor-element elementor-element-7c21d70 elementor-align-left elementor-widget elementor-widget-breadcrumbs\" data-id=\"7c21d70\" data-element_type=\"widget\" data-e-type=\"widget\" data-widget_type=\"breadcrumbs.default\">\n\t\t\t\t\t<p id=\"breadcrumbs\"><span><span><a href=\"https:\/\/domidea-ristrutturazioni.it\/en\/unique-homes-like-you\/\">Home<\/a><\/span><\/span><\/p>\t\t\t\t<\/div>\n\t\t\t\t\t<\/div>\n\t\t\t\t<\/div>\n\t\t<div class=\"elementor-element elementor-element-5e96d56 e-flex e-con-boxed e-con e-parent\" data-id=\"5e96d56\" data-element_type=\"container\" data-e-type=\"container\">\n\t\t\t\t\t<div class=\"e-con-inner\">\n\t\t\t\t<div class=\"elementor-element elementor-element-3005693 elementor-widget elementor-widget-text-editor\" data-id=\"3005693\" data-element_type=\"widget\" data-e-type=\"widget\" data-widget_type=\"text-editor.default\">\n\t\t\t\t\t\t\t\t\t<p>The <strong>manager of the property renovation project<\/strong> manages the project, supervises the staff, follows the clients, and at the same time acts as a resource. Their main goal is to ensure that the project is completed on time, within budget, and according to the original specifications. These are the cornerstones of <a href=\"https:\/\/domidea-ristrutturazioni.it\/ristrutturazioni-chiavi-in-mano\/\">Domidea&#8217;s turnkey renovation service<\/a>.  <\/p><p>For this reason, <strong>we have created a team of experts who will follow your renovation project in every phase.<\/strong> Our studios are formed by Project Managers and Architects who have been active for decades in the field of design, skilled in managing every aspect of the renovation work in the best way. Moreover, <strong>Domidea&#8217;s renovation projects involve active participation from the Client,<\/strong> who will always be assisted by an Architect in every phase of the work. We want to dedicate the right time and all the creativity that design deserves, restoring the centrality and importance of the Architect&#8217;s role.  <\/p><p><strong>The Architect will be your trusted point of contact.<\/strong>  They will keep you constantly updated on the progress of the renovation. They will take care of carrying out all <a href=\"https:\/\/domidea-ristrutturazioni.it\/en\/frequently-asked-questions\/what-are-the-administrative-procedures-and-necessary-permits-for-renovating-an-apartment\/\">the necessary bureaucratic procedures<\/a>. Furthermore, they will liaise with the best companies and trusted suppliers to always guarantee you the highest standards in the choice of building materials, finishes, and furnishing accessories. Every detail will always be handled with the utmost attention.   <\/p><p>In this way, you can realize the home of your dreams, based on your most specific needs, relying on the creativity and experience of the best professionals in construction and renovation.<\/p>\t\t\t\t\t\t\t\t<\/div>\n\t\t\t\t\t<\/div>\n\t\t\t\t<\/div>\n\t\t<div class=\"elementor-element elementor-element-58fb9a1 e-flex e-con-boxed e-con e-parent\" data-id=\"58fb9a1\" data-element_type=\"container\" data-e-type=\"container\">\n\t\t\t\t\t<div class=\"e-con-inner\">\n\t\t\t\t<div class=\"elementor-element elementor-element-da2dbb3 elementor-widget elementor-widget-html\" data-id=\"da2dbb3\" data-element_type=\"widget\" data-e-type=\"widget\" data-widget_type=\"html.default\">\n\t\t\t\t\t<script type=\"application\/ld+json\">{\n  \"@context\": \"https:\/\/schema.org\",\n  \"@type\": \"FAQPage\",\n  \"mainEntity\": {\n    \"@type\": \"Question\",\n    \"name\": \"Chi si occuper\u00e0 del progetto?\",\n    \"acceptedAnswer\": {\n      \"@type\": \"Answer\",\n      \"text\": \"Il responsabile del progetto di ristrutturazione di un immobile gestisce il progetto, supervisiona il personale, segue i clienti e allo stesso tempo agisce anche come una risorsa. Il suo obiettivo principale \u00e8 quello di garantire che il progetto sia completato in tempo, nel rispetto del budget e delle specifiche originali. Questi sono i punti cardine del servizio di ristrutturazione chiavi in mano di Domidea.\n\nPer questo abbiamo creato una squadra di esperti, che seguir\u00e0 il tuo progetto di ristrutturazione in ogni sua fase. I nostri studi sono formati da Project Manager e da Architetti attivi da decenni nel campo della progettazione, abili nel gestire al meglio ogni aspetto dell\u2019opera di ristrutturazione. Inoltre, i progetti di ristrutturazione Domidea passano per un coinvolgimento attivo del Cliente, che sar\u00e0 sempre affiancato da un Architetto, in ogni fase dell\u2019opera. Vogliamo dedicare alla progettazione il giusto tempo e tutta la creativit\u00e0 che merita, restituendo alla figura dell\u2019Architetto la sua centralit\u00e0 e tutta la sua importanza.\n\nL\u2019Architetto sar\u00e0 il tuo interlocutore di fiducia. Ti terr\u00e0 costantemente aggiornato sull\u2019avanzare della ristrutturazione. Si occuper\u00e0 di svolgere tutte le pratiche burocratiche del caso. Inoltre, si relazioner\u00e0 alle migliori ditte e a fornitori di fiducia, per garantirti sempre i pi\u00f9 alti standard nella scelta dei materiali edili, delle finiture e dei complementi d\u2019arredo. Ogni dettaglio sar\u00e0 sempre curato con la massima attenzione.\n\nIn questo modo potrai realizzare la casa dei tuoi sogni, in base alle tue esigenze pi\u00f9 specifiche, affidandoti alla creativit\u00e0 e all\u2019esperienza dei migliori professionisti dell\u2019edilizia e della ristrutturazione.\"\n    }\n  }\n}\n<\/script>\t\t\t\t<\/div>\n\t\t\t\t\t<\/div>\n\t\t\t\t<\/div>\n\t\t\t\t<\/div>\n\t\t","protected":false},"excerpt":{"rendered":"<p>Who Will be in Charge of the Project? The manager of the property renovation project manages the project, supervises the staff, follows the clients, and at the same time acts as a resource. Their main goal is to ensure that the project is completed on time, within budget, and according to the original specifications. These [&hellip;]<\/p>\n","protected":false},"author":6,"featured_media":0,"parent":21379,"menu_order":0,"comment_status":"closed","ping_status":"closed","template":"","meta":{"_acf_changed":false,"_eb_attr":"","ngg_post_thumbnail":0,"footnotes":""},"class_list":["post-21572","page","type-page","status-publish","hentry"],"acf":[],"yoast_head":"<!-- This site is optimized with the Yoast SEO Premium plugin v27.4 (Yoast SEO v27.4) - https:\/\/yoast.com\/product\/yoast-seo-premium-wordpress\/ -->\n<title>Renovation Project Manager | Domidea<\/title>\n<meta name=\"description\" content=\"Discover who the renovation project managers are: a team of experts will oversee all phases of the work.\" \/>\n<meta name=\"robots\" content=\"index, follow, max-snippet:-1, max-image-preview:large, max-video-preview:-1\" \/>\n<link rel=\"canonical\" href=\"https:\/\/domidea-ristrutturazioni.it\/en\/frequently-asked-questions\/who-will-be-in-charge-of-the-project\/\" \/>\n<meta property=\"og:locale\" content=\"en_US\" \/>\n<meta property=\"og:type\" content=\"article\" \/>\n<meta property=\"og:title\" content=\"Who Will be in Charge of the Project?\" \/>\n<meta property=\"og:description\" content=\"Discover who the renovation project managers are: a team of experts will oversee all phases of the work.\" \/>\n<meta property=\"og:url\" content=\"https:\/\/domidea-ristrutturazioni.it\/en\/frequently-asked-questions\/who-will-be-in-charge-of-the-project\/\" \/>\n<meta property=\"og:site_name\" content=\"Domidea Ristrutturazioni\" \/>\n<meta property=\"article:publisher\" content=\"https:\/\/www.facebook.com\/domidea.it\" \/>\n<meta property=\"article:modified_time\" content=\"2026-01-19T15:13:56+00:00\" \/>\n<meta property=\"og:image\" content=\"https:\/\/domidea-ristrutturazioni.it\/wp-content\/uploads\/2025\/10\/immagine-SEO-Sito.png\" \/>\n\t<meta property=\"og:image:width\" content=\"1200\" \/>\n\t<meta property=\"og:image:height\" content=\"675\" \/>\n\t<meta property=\"og:image:type\" content=\"image\/png\" \/>\n<meta name=\"twitter:card\" content=\"summary_large_image\" \/>\n<meta name=\"twitter:label1\" content=\"Est. reading time\" \/>\n\t<meta name=\"twitter:data1\" content=\"1 minute\" \/>\n<script type=\"application\/ld+json\" class=\"yoast-schema-graph\">{\"@context\":\"https:\\\/\\\/schema.org\",\"@graph\":[{\"@type\":\"WebPage\",\"@id\":\"https:\\\/\\\/domidea-ristrutturazioni.it\\\/en\\\/frequently-asked-questions\\\/who-will-be-in-charge-of-the-project\\\/\",\"url\":\"https:\\\/\\\/domidea-ristrutturazioni.it\\\/en\\\/frequently-asked-questions\\\/who-will-be-in-charge-of-the-project\\\/\",\"name\":\"Renovation Project Manager | Domidea\",\"isPartOf\":{\"@id\":\"https:\\\/\\\/domidea-ristrutturazioni.it\\\/en\\\/#website\"},\"datePublished\":\"2025-12-02T09:02:42+00:00\",\"dateModified\":\"2026-01-19T15:13:56+00:00\",\"description\":\"Discover who the renovation project managers are: a team of experts will oversee all phases of the work.\",\"breadcrumb\":{\"@id\":\"https:\\\/\\\/domidea-ristrutturazioni.it\\\/en\\\/frequently-asked-questions\\\/who-will-be-in-charge-of-the-project\\\/#breadcrumb\"},\"inLanguage\":\"en-US\",\"potentialAction\":[{\"@type\":\"ReadAction\",\"target\":[\"https:\\\/\\\/domidea-ristrutturazioni.it\\\/en\\\/frequently-asked-questions\\\/who-will-be-in-charge-of-the-project\\\/\"]}]},{\"@type\":\"BreadcrumbList\",\"@id\":\"https:\\\/\\\/domidea-ristrutturazioni.it\\\/en\\\/frequently-asked-questions\\\/who-will-be-in-charge-of-the-project\\\/#breadcrumb\",\"itemListElement\":[{\"@type\":\"ListItem\",\"position\":1,\"name\":\"Home\",\"item\":\"https:\\\/\\\/domidea-ristrutturazioni.it\\\/en\\\/unique-homes-like-you\\\/\"},{\"@type\":\"ListItem\",\"position\":2,\"name\":\"Frequently Asked Questions\",\"item\":\"https:\\\/\\\/domidea-ristrutturazioni.it\\\/en\\\/frequently-asked-questions\\\/\"},{\"@type\":\"ListItem\",\"position\":3,\"name\":\"Who Will be in Charge of the Project?\"}]},{\"@type\":\"WebSite\",\"@id\":\"https:\\\/\\\/domidea-ristrutturazioni.it\\\/en\\\/#website\",\"url\":\"https:\\\/\\\/domidea-ristrutturazioni.it\\\/en\\\/\",\"name\":\"Domidea Ristrutturazioni & Interior Design\",\"description\":\"Progettiamo e Realizziamo Case Uniche...Come Te!\",\"publisher\":{\"@id\":\"https:\\\/\\\/domidea-ristrutturazioni.it\\\/en\\\/#organization\"},\"alternateName\":\"Domidea Ristrutturazioni\",\"potentialAction\":[{\"@type\":\"SearchAction\",\"target\":{\"@type\":\"EntryPoint\",\"urlTemplate\":\"https:\\\/\\\/domidea-ristrutturazioni.it\\\/en\\\/?s={search_term_string}\"},\"query-input\":{\"@type\":\"PropertyValueSpecification\",\"valueRequired\":true,\"valueName\":\"search_term_string\"}}],\"inLanguage\":\"en-US\"},{\"@type\":[\"Organization\",\"Place\"],\"@id\":\"https:\\\/\\\/domidea-ristrutturazioni.it\\\/en\\\/#organization\",\"name\":\"Domidea Ristrutturazioni & Interior Design\",\"url\":\"https:\\\/\\\/domidea-ristrutturazioni.it\\\/en\\\/\",\"logo\":{\"@id\":\"https:\\\/\\\/domidea-ristrutturazioni.it\\\/en\\\/frequently-asked-questions\\\/who-will-be-in-charge-of-the-project\\\/#local-main-organization-logo\"},\"image\":{\"@id\":\"https:\\\/\\\/domidea-ristrutturazioni.it\\\/en\\\/frequently-asked-questions\\\/who-will-be-in-charge-of-the-project\\\/#local-main-organization-logo\"},\"sameAs\":[\"https:\\\/\\\/www.facebook.com\\\/domidea.it\",\"https:\\\/\\\/www.instagram.com\\\/domidea.it\\\/\",\"https:\\\/\\\/www.linkedin.com\\\/company\\\/domidea-it\"],\"telephone\":[],\"openingHoursSpecification\":[{\"@type\":\"OpeningHoursSpecification\",\"dayOfWeek\":[\"Monday\",\"Tuesday\",\"Wednesday\",\"Thursday\",\"Friday\",\"Saturday\",\"Sunday\"],\"opens\":\"09:00\",\"closes\":\"17:00\"}]},{\"@type\":\"ImageObject\",\"inLanguage\":\"en-US\",\"@id\":\"https:\\\/\\\/domidea-ristrutturazioni.it\\\/en\\\/frequently-asked-questions\\\/who-will-be-in-charge-of-the-project\\\/#local-main-organization-logo\",\"url\":\"https:\\\/\\\/domidea-ristrutturazioni.it\\\/wp-content\\\/uploads\\\/2025\\\/09\\\/white_logo_black_background_1024-300x180-1.png\",\"contentUrl\":\"https:\\\/\\\/domidea-ristrutturazioni.it\\\/wp-content\\\/uploads\\\/2025\\\/09\\\/white_logo_black_background_1024-300x180-1.png\",\"width\":300,\"height\":180,\"caption\":\"Domidea Ristrutturazioni & Interior Design\"}]}<\/script>\n<!-- \/ Yoast SEO Premium plugin. -->","yoast_head_json":{"title":"Renovation Project Manager | Domidea","description":"Discover who the renovation project managers are: a team of experts will oversee all phases of the work.","robots":{"index":"index","follow":"follow","max-snippet":"max-snippet:-1","max-image-preview":"max-image-preview:large","max-video-preview":"max-video-preview:-1"},"canonical":"https:\/\/domidea-ristrutturazioni.it\/en\/frequently-asked-questions\/who-will-be-in-charge-of-the-project\/","og_locale":"en_US","og_type":"article","og_title":"Who Will be in Charge of the Project?","og_description":"Discover who the renovation project managers are: a team of experts will oversee all phases of the work.","og_url":"https:\/\/domidea-ristrutturazioni.it\/en\/frequently-asked-questions\/who-will-be-in-charge-of-the-project\/","og_site_name":"Domidea Ristrutturazioni","article_publisher":"https:\/\/www.facebook.com\/domidea.it","article_modified_time":"2026-01-19T15:13:56+00:00","og_image":[{"width":1200,"height":675,"url":"https:\/\/domidea-ristrutturazioni.it\/wp-content\/uploads\/2025\/10\/immagine-SEO-Sito.png","type":"image\/png"}],"twitter_card":"summary_large_image","twitter_misc":{"Est. reading time":"1 minute"},"schema":{"@context":"https:\/\/schema.org","@graph":[{"@type":"WebPage","@id":"https:\/\/domidea-ristrutturazioni.it\/en\/frequently-asked-questions\/who-will-be-in-charge-of-the-project\/","url":"https:\/\/domidea-ristrutturazioni.it\/en\/frequently-asked-questions\/who-will-be-in-charge-of-the-project\/","name":"Renovation Project Manager | Domidea","isPartOf":{"@id":"https:\/\/domidea-ristrutturazioni.it\/en\/#website"},"datePublished":"2025-12-02T09:02:42+00:00","dateModified":"2026-01-19T15:13:56+00:00","description":"Discover who the renovation project managers are: a team of experts will oversee all phases of the work.","breadcrumb":{"@id":"https:\/\/domidea-ristrutturazioni.it\/en\/frequently-asked-questions\/who-will-be-in-charge-of-the-project\/#breadcrumb"},"inLanguage":"en-US","potentialAction":[{"@type":"ReadAction","target":["https:\/\/domidea-ristrutturazioni.it\/en\/frequently-asked-questions\/who-will-be-in-charge-of-the-project\/"]}]},{"@type":"BreadcrumbList","@id":"https:\/\/domidea-ristrutturazioni.it\/en\/frequently-asked-questions\/who-will-be-in-charge-of-the-project\/#breadcrumb","itemListElement":[{"@type":"ListItem","position":1,"name":"Home","item":"https:\/\/domidea-ristrutturazioni.it\/en\/unique-homes-like-you\/"},{"@type":"ListItem","position":2,"name":"Frequently Asked Questions","item":"https:\/\/domidea-ristrutturazioni.it\/en\/frequently-asked-questions\/"},{"@type":"ListItem","position":3,"name":"Who Will be in Charge of the Project?"}]},{"@type":"WebSite","@id":"https:\/\/domidea-ristrutturazioni.it\/en\/#website","url":"https:\/\/domidea-ristrutturazioni.it\/en\/","name":"Domidea Ristrutturazioni & Interior Design","description":"Progettiamo e Realizziamo Case Uniche...Come Te!","publisher":{"@id":"https:\/\/domidea-ristrutturazioni.it\/en\/#organization"},"alternateName":"Domidea Ristrutturazioni","potentialAction":[{"@type":"SearchAction","target":{"@type":"EntryPoint","urlTemplate":"https:\/\/domidea-ristrutturazioni.it\/en\/?s={search_term_string}"},"query-input":{"@type":"PropertyValueSpecification","valueRequired":true,"valueName":"search_term_string"}}],"inLanguage":"en-US"},{"@type":["Organization","Place"],"@id":"https:\/\/domidea-ristrutturazioni.it\/en\/#organization","name":"Domidea Ristrutturazioni & Interior Design","url":"https:\/\/domidea-ristrutturazioni.it\/en\/","logo":{"@id":"https:\/\/domidea-ristrutturazioni.it\/en\/frequently-asked-questions\/who-will-be-in-charge-of-the-project\/#local-main-organization-logo"},"image":{"@id":"https:\/\/domidea-ristrutturazioni.it\/en\/frequently-asked-questions\/who-will-be-in-charge-of-the-project\/#local-main-organization-logo"},"sameAs":["https:\/\/www.facebook.com\/domidea.it","https:\/\/www.instagram.com\/domidea.it\/","https:\/\/www.linkedin.com\/company\/domidea-it"],"telephone":[],"openingHoursSpecification":[{"@type":"OpeningHoursSpecification","dayOfWeek":["Monday","Tuesday","Wednesday","Thursday","Friday","Saturday","Sunday"],"opens":"09:00","closes":"17:00"}]},{"@type":"ImageObject","inLanguage":"en-US","@id":"https:\/\/domidea-ristrutturazioni.it\/en\/frequently-asked-questions\/who-will-be-in-charge-of-the-project\/#local-main-organization-logo","url":"https:\/\/domidea-ristrutturazioni.it\/wp-content\/uploads\/2025\/09\/white_logo_black_background_1024-300x180-1.png","contentUrl":"https:\/\/domidea-ristrutturazioni.it\/wp-content\/uploads\/2025\/09\/white_logo_black_background_1024-300x180-1.png","width":300,"height":180,"caption":"Domidea Ristrutturazioni & Interior Design"}]}},"_links":{"self":[{"href":"https:\/\/domidea-ristrutturazioni.it\/en\/wp-json\/wp\/v2\/pages\/21572","targetHints":{"allow":["GET"]}}],"collection":[{"href":"https:\/\/domidea-ristrutturazioni.it\/en\/wp-json\/wp\/v2\/pages"}],"about":[{"href":"https:\/\/domidea-ristrutturazioni.it\/en\/wp-json\/wp\/v2\/types\/page"}],"author":[{"embeddable":true,"href":"https:\/\/domidea-ristrutturazioni.it\/en\/wp-json\/wp\/v2\/users\/6"}],"replies":[{"embeddable":true,"href":"https:\/\/domidea-ristrutturazioni.it\/en\/wp-json\/wp\/v2\/comments?post=21572"}],"version-history":[{"count":2,"href":"https:\/\/domidea-ristrutturazioni.it\/en\/wp-json\/wp\/v2\/pages\/21572\/revisions"}],"predecessor-version":[{"id":21619,"href":"https:\/\/domidea-ristrutturazioni.it\/en\/wp-json\/wp\/v2\/pages\/21572\/revisions\/21619"}],"up":[{"embeddable":true,"href":"https:\/\/domidea-ristrutturazioni.it\/en\/wp-json\/wp\/v2\/pages\/21379"}],"wp:attachment":[{"href":"https:\/\/domidea-ristrutturazioni.it\/en\/wp-json\/wp\/v2\/media?parent=21572"}],"curies":[{"name":"wp","href":"https:\/\/api.w.org\/{rel}","templated":true}]}}